{"id":3169,"date":"2023-07-23T17:10:02","date_gmt":"2023-07-23T17:10:02","guid":{"rendered":"https:\/\/villa-romansa.com\/datenschutzrichtlinie\/"},"modified":"2023-09-21T10:17:42","modified_gmt":"2023-09-21T10:17:42","slug":"datenschutzrichtlinie","status":"publish","type":"page","link":"https:\/\/villa-romansa.com\/de\/datenschutzrichtlinie\/","title":{"rendered":"Datenschutzrichtlinie"},"content":{"rendered":"\n<p>Datenschutzrichtlinie<br\/>Zuletzt aktualisiert am 23. Juli 2023<br\/>Datum des Inkrafttretens am 23. Oktober. Juli 2023<\/p>\n\n<p>Diese Datenschutzerkl\u00e4rung beschreibt die Regeln der Villa Romansa, 22320 Drni\u0161, Kroatien, Dalmatien 22320, Kroatien, E-Mail: <a href=\"mailto:booking@villa-romansa.com\">booking@villa-romansa.com<\/a>, Telefon: +385 1234566 \u00fcber die Erfassung, Verwendung und Offenlegung Ihrer Daten, die wir sammeln, wenn Sie unsere Website nutzen (https:\/\/villa-romansa.com\/ ). (Dienst&#8220;). Durch den Zugriff auf oder die Nutzung des Dienstes erkl\u00e4ren Sie sich mit der Erfassung, Verwendung und Offenlegung Ihrer Daten in \u00dcbereinstimmung mit dieser Datenschutzrichtlinie einverstanden. Wenn Sie damit nicht einverstanden sind, greifen Sie bitte nicht auf den Dienst zu und nutzen Sie ihn nicht.<br\/>Wir k\u00f6nnen diese Datenschutzrichtlinie jederzeit ohne vorherige Ank\u00fcndigung \u00e4ndern und werden die \u00fcberarbeitete Datenschutzrichtlinie auf dem Dienst ver\u00f6ffentlichen. Die \u00fcberarbeitete Richtlinie tritt 180 Tage nach der Ver\u00f6ffentlichung der \u00fcberarbeiteten Richtlinie auf dem Dienst in Kraft, und wenn Sie nach diesem Zeitpunkt weiterhin auf den Dienst zugreifen oder ihn nutzen, erkl\u00e4ren Sie sich mit der \u00fcberarbeiteten Datenschutzrichtlinie einverstanden. Daher empfehlen wir Ihnen, diese Seite regelm\u00e4\u00dfig zu \u00fcberpr\u00fcfen.<\/p>\n\n<p>Ihre Rechte:<br\/>Vorbehaltlich des geltenden Rechts haben Sie m\u00f6glicherweise das Recht, auf Ihre personenbezogenen Daten zuzugreifen und diese zu korrigieren oder zu l\u00f6schen oder eine Kopie Ihrer personenbezogenen Daten zu erhalten, die aktive Verarbeitung Ihrer Daten einzuschr\u00e4nken oder ihr zu widersprechen, uns aufzufordern, Ihre personenbezogenen Daten an eine andere Stelle weiterzugeben (zu \u00fcbertragen), jede Einwilligung, die Sie uns zur Verarbeitung Ihrer Daten erteilt haben, zu widerrufen, das Recht, eine Beschwerde bei einer Justizbeh\u00f6rde einzureichen, und andere Rechte, die nach geltendem Recht relevant sein k\u00f6nnen. Um diese Rechte auszu\u00fcben, k\u00f6nnen Sie uns unter <a href=\"mailto:booking@villa-romansa.com\">booking@villa-romansa.com<\/a> schreiben. Wir werden Ihre Anfrage in \u00dcbereinstimmung mit geltendem Recht beantworten.<br\/>Bitte beachten Sie, dass Sie, wenn Sie uns nicht gestatten, die erforderlichen personenbezogenen Daten zu erheben oder zu verarbeiten, oder Ihre Einwilligung zur Verarbeitung f\u00fcr die angeforderten Zwecke widerrufen, m\u00f6glicherweise nicht auf die Dienste zugreifen oder diese nutzen k\u00f6nnen, f\u00fcr die Ihre Daten angefordert werden.<\/p>\n\n<p>Cookies, etc.<br\/>Um mehr dar\u00fcber zu erfahren, wie wir diese verwenden und welche Wahlm\u00f6glichkeiten Sie in Bezug auf diese Tracking-Technologien haben, lesen Sie bitte unsere Cookie-Richtlinie.<\/p>\n\n<p>Sicherheit:<br\/>Die Sicherheit Ihrer Daten ist uns wichtig und wir werden angemessene Sicherheitsma\u00dfnahmen ergreifen, um den Verlust, den Missbrauch oder die unbefugte \u00c4nderung Ihrer Daten unter unserer Kontrolle zu verhindern. Angesichts der inh\u00e4renten Risiken k\u00f6nnen wir jedoch keine absolute Sicherheit garantieren, und folglich k\u00f6nnen wir die Sicherheit von Informationen, die Sie an uns \u00fcbermitteln, nicht gew\u00e4hrleisten oder garantieren, und Sie tun dies auf eigenes Risiko.<\/p>\n\n<p>Datenschutzbeauftragter:<br\/>Wenn Sie Fragen oder Bedenken bez\u00fcglich der Verarbeitung Ihrer bei uns verf\u00fcgbaren Daten haben, k\u00f6nnen Sie eine E-Mail an unseren Beschwerdebeauftragten in Villa Romansa, 22320 Drni\u0161, Kroatien, per E-Mail senden: <a href=\"mailto:booking@villa-romansa.com\">booking@villa-romansa.com<\/a>. Wir werden Ihr Anliegen in \u00dcbereinstimmung mit geltendem Recht l\u00f6sen.<\/p>\n\n<p><\/p>\n","protected":false},"excerpt":{"rendered":"<p>DatenschutzrichtlinieZuletzt aktualisiert am 23. Juli 2023Datum des Inkrafttretens am 23. Oktober. Juli 2023 Diese Datenschutzerkl\u00e4rung beschreibt die Regeln der Villa Romansa, 22320 Drni\u0161, Kroatien, Dalmatien 22320, Kroatien, E-Mail: booking@villa-romansa.com, Telefon: +385 1234566 \u00fcber die Erfassung, Verwendung und Offenlegung Ihrer Daten, die wir sammeln, wenn Sie unsere Website nutzen (https:\/\/villa-romansa.com\/ ). (Dienst&#8220;). Durch den Zugriff auf [&hellip;]<\/p>\n","protected":false},"author":2,"featured_media":0,"parent":0,"menu_order":0,"comment_status":"closed","ping_status":"closed","template":"","meta":{"om_disable_all_campaigns":false,"_monsterinsights_skip_tracking":false,"_monsterinsights_sitenote_active":false,"_monsterinsights_sitenote_note":"","_monsterinsights_sitenote_category":0,"_uf_show_specific_survey":0,"_uf_disable_surveys":false,"pgc_sgb_lightbox_settings":"","footnotes":""},"class_list":["post-3169","page","type-page","status-publish","hentry"],"aioseo_notices":[],"yoast_head":"<!-- This site is optimized with the Yoast SEO plugin v27.0 - https:\/\/yoast.com\/product\/yoast-seo-wordpress\/ -->\n<title>Datenschutzrichtlinie - Villa Romansa<\/title>\n<meta name=\"robots\" content=\"index, follow, max-snippet:-1, max-image-preview:large, max-video-preview:-1\" \/>\n<link rel=\"canonical\" href=\"https:\/\/villa-romansa.com\/de\/datenschutzrichtlinie\/\" \/>\n<meta property=\"og:locale\" content=\"de_DE\" \/>\n<meta property=\"og:type\" content=\"article\" \/>\n<meta property=\"og:title\" content=\"Datenschutzrichtlinie - Villa Romansa\" \/>\n<meta property=\"og:description\" content=\"DatenschutzrichtlinieZuletzt aktualisiert am 23. Juli 2023Datum des Inkrafttretens am 23. Oktober. Juli 2023 Diese Datenschutzerkl\u00e4rung beschreibt die Regeln der Villa Romansa, 22320 Drni\u0161, Kroatien, Dalmatien 22320, Kroatien, E-Mail: booking@villa-romansa.com, Telefon: +385 1234566 \u00fcber die Erfassung, Verwendung und Offenlegung Ihrer Daten, die wir sammeln, wenn Sie unsere Website nutzen (https:\/\/villa-romansa.com\/ ). (Dienst&#8220;). Durch den Zugriff auf [&hellip;]\" \/>\n<meta property=\"og:url\" content=\"https:\/\/villa-romansa.com\/de\/datenschutzrichtlinie\/\" \/>\n<meta property=\"og:site_name\" content=\"Villa Romansa\" \/>\n<meta property=\"article:modified_time\" content=\"2023-09-21T10:17:42+00:00\" \/>\n<meta name=\"twitter:card\" content=\"summary_large_image\" \/>\n<meta name=\"twitter:label1\" content=\"Gesch\u00e4tzte Lesezeit\" \/>\n\t<meta name=\"twitter:data1\" content=\"2\u00a0Minuten\" \/>\n<script type=\"application\/ld+json\" class=\"yoast-schema-graph\">{\"@context\":\"https:\/\/schema.org\",\"@graph\":[{\"@type\":\"WebPage\",\"@id\":\"https:\/\/villa-romansa.com\/de\/datenschutzrichtlinie\/\",\"url\":\"https:\/\/villa-romansa.com\/de\/datenschutzrichtlinie\/\",\"name\":\"Datenschutzrichtlinie - Villa Romansa\",\"isPartOf\":{\"@id\":\"https:\/\/villa-romansa.com\/#website\"},\"datePublished\":\"2023-07-23T17:10:02+00:00\",\"dateModified\":\"2023-09-21T10:17:42+00:00\",\"breadcrumb\":{\"@id\":\"https:\/\/villa-romansa.com\/de\/datenschutzrichtlinie\/#breadcrumb\"},\"inLanguage\":\"de\",\"potentialAction\":[{\"@type\":\"ReadAction\",\"target\":[\"https:\/\/villa-romansa.com\/de\/datenschutzrichtlinie\/\"]}]},{\"@type\":\"BreadcrumbList\",\"@id\":\"https:\/\/villa-romansa.com\/de\/datenschutzrichtlinie\/#breadcrumb\",\"itemListElement\":[{\"@type\":\"ListItem\",\"position\":1,\"name\":\"Po\u010detna stranica\",\"item\":\"https:\/\/villa-romansa.com\/\"},{\"@type\":\"ListItem\",\"position\":2,\"name\":\"Datenschutzrichtlinie\"}]},{\"@type\":\"WebSite\",\"@id\":\"https:\/\/villa-romansa.com\/#website\",\"url\":\"https:\/\/villa-romansa.com\/\",\"name\":\"Villa Romansa\",\"description\":\"Villa Romansa blizu \u0160ibenika\",\"publisher\":{\"@id\":\"https:\/\/villa-romansa.com\/#organization\"},\"potentialAction\":[{\"@type\":\"SearchAction\",\"target\":{\"@type\":\"EntryPoint\",\"urlTemplate\":\"https:\/\/villa-romansa.com\/?s={search_term_string}\"},\"query-input\":{\"@type\":\"PropertyValueSpecification\",\"valueRequired\":true,\"valueName\":\"search_term_string\"}}],\"inLanguage\":\"de\"},{\"@type\":\"Organization\",\"@id\":\"https:\/\/villa-romansa.com\/#organization\",\"name\":\"Villa Romansa\",\"url\":\"https:\/\/villa-romansa.com\/\",\"logo\":{\"@type\":\"ImageObject\",\"inLanguage\":\"de\",\"@id\":\"https:\/\/villa-romansa.com\/#\/schema\/logo\/image\/\",\"url\":\"https:\/\/villa-romansa.com\/wp-content\/uploads\/2021\/06\/logo-dark.png\",\"contentUrl\":\"https:\/\/villa-romansa.com\/wp-content\/uploads\/2021\/06\/logo-dark.png\",\"width\":390,\"height\":241,\"caption\":\"Villa Romansa\"},\"image\":{\"@id\":\"https:\/\/villa-romansa.com\/#\/schema\/logo\/image\/\"}}]}<\/script>\n<!-- \/ Yoast SEO plugin. -->","yoast_head_json":{"title":"Datenschutzrichtlinie - Villa Romansa","robots":{"index":"index","follow":"follow","max-snippet":"max-snippet:-1","max-image-preview":"max-image-preview:large","max-video-preview":"max-video-preview:-1"},"canonical":"https:\/\/villa-romansa.com\/de\/datenschutzrichtlinie\/","og_locale":"de_DE","og_type":"article","og_title":"Datenschutzrichtlinie - Villa Romansa","og_description":"DatenschutzrichtlinieZuletzt aktualisiert am 23. Juli 2023Datum des Inkrafttretens am 23. Oktober. Juli 2023 Diese Datenschutzerkl\u00e4rung beschreibt die Regeln der Villa Romansa, 22320 Drni\u0161, Kroatien, Dalmatien 22320, Kroatien, E-Mail: booking@villa-romansa.com, Telefon: +385 1234566 \u00fcber die Erfassung, Verwendung und Offenlegung Ihrer Daten, die wir sammeln, wenn Sie unsere Website nutzen (https:\/\/villa-romansa.com\/ ). (Dienst&#8220;). Durch den Zugriff auf [&hellip;]","og_url":"https:\/\/villa-romansa.com\/de\/datenschutzrichtlinie\/","og_site_name":"Villa Romansa","article_modified_time":"2023-09-21T10:17:42+00:00","twitter_card":"summary_large_image","twitter_misc":{"Gesch\u00e4tzte Lesezeit":"2\u00a0Minuten"},"schema":{"@context":"https:\/\/schema.org","@graph":[{"@type":"WebPage","@id":"https:\/\/villa-romansa.com\/de\/datenschutzrichtlinie\/","url":"https:\/\/villa-romansa.com\/de\/datenschutzrichtlinie\/","name":"Datenschutzrichtlinie - Villa Romansa","isPartOf":{"@id":"https:\/\/villa-romansa.com\/#website"},"datePublished":"2023-07-23T17:10:02+00:00","dateModified":"2023-09-21T10:17:42+00:00","breadcrumb":{"@id":"https:\/\/villa-romansa.com\/de\/datenschutzrichtlinie\/#breadcrumb"},"inLanguage":"de","potentialAction":[{"@type":"ReadAction","target":["https:\/\/villa-romansa.com\/de\/datenschutzrichtlinie\/"]}]},{"@type":"BreadcrumbList","@id":"https:\/\/villa-romansa.com\/de\/datenschutzrichtlinie\/#breadcrumb","itemListElement":[{"@type":"ListItem","position":1,"name":"Po\u010detna stranica","item":"https:\/\/villa-romansa.com\/"},{"@type":"ListItem","position":2,"name":"Datenschutzrichtlinie"}]},{"@type":"WebSite","@id":"https:\/\/villa-romansa.com\/#website","url":"https:\/\/villa-romansa.com\/","name":"Villa Romansa","description":"Villa Romansa blizu \u0160ibenika","publisher":{"@id":"https:\/\/villa-romansa.com\/#organization"},"potentialAction":[{"@type":"SearchAction","target":{"@type":"EntryPoint","urlTemplate":"https:\/\/villa-romansa.com\/?s={search_term_string}"},"query-input":{"@type":"PropertyValueSpecification","valueRequired":true,"valueName":"search_term_string"}}],"inLanguage":"de"},{"@type":"Organization","@id":"https:\/\/villa-romansa.com\/#organization","name":"Villa Romansa","url":"https:\/\/villa-romansa.com\/","logo":{"@type":"ImageObject","inLanguage":"de","@id":"https:\/\/villa-romansa.com\/#\/schema\/logo\/image\/","url":"https:\/\/villa-romansa.com\/wp-content\/uploads\/2021\/06\/logo-dark.png","contentUrl":"https:\/\/villa-romansa.com\/wp-content\/uploads\/2021\/06\/logo-dark.png","width":390,"height":241,"caption":"Villa Romansa"},"image":{"@id":"https:\/\/villa-romansa.com\/#\/schema\/logo\/image\/"}}]}},"_links":{"self":[{"href":"https:\/\/villa-romansa.com\/de\/wp-json\/wp\/v2\/pages\/3169","targetHints":{"allow":["GET"]}}],"collection":[{"href":"https:\/\/villa-romansa.com\/de\/wp-json\/wp\/v2\/pages"}],"about":[{"href":"https:\/\/villa-romansa.com\/de\/wp-json\/wp\/v2\/types\/page"}],"author":[{"embeddable":true,"href":"https:\/\/villa-romansa.com\/de\/wp-json\/wp\/v2\/users\/2"}],"replies":[{"embeddable":true,"href":"https:\/\/villa-romansa.com\/de\/wp-json\/wp\/v2\/comments?post=3169"}],"version-history":[{"count":0,"href":"https:\/\/villa-romansa.com\/de\/wp-json\/wp\/v2\/pages\/3169\/revisions"}],"wp:attachment":[{"href":"https:\/\/villa-romansa.com\/de\/wp-json\/wp\/v2\/media?parent=3169"}],"curies":[{"name":"wp","href":"https:\/\/api.w.org\/{rel}","templated":true}]}}