{"id":3171,"date":"2023-08-05T17:47:30","date_gmt":"2023-08-05T17:47:30","guid":{"rendered":"https:\/\/villa-romansa.com\/einrichtungen\/"},"modified":"2023-09-21T10:17:56","modified_gmt":"2023-09-21T10:17:56","slug":"einrichtungen","status":"publish","type":"page","link":"https:\/\/villa-romansa.com\/de\/einrichtungen\/","title":{"rendered":"EINRICHTUNGEN"},"content":{"rendered":"\t\t<div data-elementor-type=\"wp-page\" data-elementor-id=\"3171\" class=\"elementor elementor-3171 elementor-2231\">\n\t\t\t\t\t\t<section class=\"elementor-section elementor-top-section elementor-element elementor-element-975644b elementor-section-boxed elementor-section-height-default elementor-section-height-default\" data-id=\"975644b\" data-element_type=\"section\" data-e-type=\"section\" data-settings=\"{&quot;jet_parallax_layout_list&quot;:[]}\">\n\t\t\t\t\t\t<div class=\"elementor-container elementor-column-gap-default\">\n\t\t\t\t\t<div class=\"elementor-column elementor-col-100 elementor-top-column elementor-element elementor-element-d8075df\" data-id=\"d8075df\" data-element_type=\"column\" data-e-type=\"column\">\n\t\t\t<div class=\"elementor-widget-wrap elementor-element-populated\">\n\t\t\t\t\t\t<div class=\"elementor-element elementor-element-f16fe09 elementor-widget elementor-widget-heading\" data-id=\"f16fe09\" data-element_type=\"widget\" data-e-type=\"widget\" data-widget_type=\"heading.default\">\n\t\t\t\t<div class=\"elementor-widget-container\">\n\t\t\t\t\t<h2 class=\"elementor-heading-title elementor-size-default\">EINRICHTUNGEN<\/h2>\t\t\t\t<\/div>\n\t\t\t\t<\/div>\n\t\t\t\t<div class=\"elementor-element elementor-element-3b7d302 elementor-widget elementor-widget-text-editor\" data-id=\"3b7d302\" data-element_type=\"widget\" data-e-type=\"widget\" data-widget_type=\"text-editor.default\">\n\t\t\t\t<div class=\"elementor-widget-container\">\n\t\t\t\t\t\t\t\t\t<p style=\"text-align: center;\">VILLA DETAILS<\/p>\n\t\t\t\t\t\t\t\t<\/div>\n\t\t\t\t<\/div>\n\t\t\t\t\t<\/div>\n\t\t<\/div>\n\t\t\t\t\t<\/div>\n\t\t<\/section>\n\t\t\t\t<section class=\"elementor-section elementor-top-section elementor-element elementor-element-15bd148 elementor-section-boxed elementor-section-height-default elementor-section-height-default\" data-id=\"15bd148\" data-element_type=\"section\" data-e-type=\"section\" data-settings=\"{&quot;jet_parallax_layout_list&quot;:[]}\">\n\t\t\t\t\t\t<div class=\"elementor-container elementor-column-gap-default\">\n\t\t\t\t\t<div class=\"elementor-column elementor-col-100 elementor-top-column elementor-element elementor-element-0bc939b\" data-id=\"0bc939b\" data-element_type=\"column\" data-e-type=\"column\">\n\t\t\t<div class=\"elementor-widget-wrap elementor-element-populated\">\n\t\t\t\t\t\t<div class=\"elementor-element elementor-element-1723d14 elementor-widget elementor-widget-jet-accordion\" data-id=\"1723d14\" data-element_type=\"widget\" data-e-type=\"widget\" data-widget_type=\"jet-accordion.default\">\n\t\t\t\t<div class=\"elementor-widget-container\">\n\t\t\t\t\t\t\t\t\t<div class=\"jet-accordion\" data-settings=\"{&quot;collapsible&quot;:false,&quot;ajaxTemplate&quot;:false,&quot;switchScrolling&quot;:false,&quot;switchScrollingOffset&quot;:0,&quot;switchScrollingDelay&quot;:500}\">\n\t\t\t<div class=\"jet-accordion__inner\">\n\t\t\t\t<div class=\" jet-accordion__item jet-toggle jet-toggle-move-up-effect \">\n\t\t\t\t\t\t\t<div id=\"jet-toggle-control-2421\" class=\"jet-toggle__control elementor-menu-anchor\" data-toggle=\"1\" role=\"button\" tabindex=\"0\" aria-controls=\"jet-toggle-content-2421\" aria-expanded=\"false\" data-template-id=\"false\">\n\t\t\t\t\t\t\t\t<div class=\"jet-toggle__label-icon jet-toggle-icon-position-left\"><span class=\"jet-toggle__icon icon-normal jet-tabs-icon\"><i class=\"fas fa-plus\"><\/i><\/span><span class=\"jet-toggle__icon icon-active jet-tabs-icon\"><i class=\"fas fa-minus\"><\/i><\/span><\/div><div class=\"jet-toggle__label-text\">\u00c4u\u00dferes<\/div>\t\t\t\t\t\t\t<\/div>\n\t\t\t\t\t\t\t<div id=\"jet-toggle-content-2421\" class=\"jet-toggle__content\" data-toggle=\"1\" role=\"region\" data-template-id=\"false\">\n\t\t\t\t\t\t\t\t<div class=\"jet-toggle__content-inner\"><div class=\"d-flex\">\n<ul class=\"sadrzaj-list\">\n<li><span style=\"color: #000000;\">Komplett eingez\u00e4unter Hof<\/span><\/li>\n<li><span style=\"color: #000000;\">Grillen<\/span><\/li>\n<li><span style=\"color: #000000;\">Au\u00dfendusche<\/span><\/li>\n<li><span style=\"color: #000000;\">Beheizter Pool<\/span><\/li>\n<li><span style=\"color: #000000;\">Sonnenschirme<\/span><\/li>\n<\/ul>\n<ul class=\"sadrzaj-list\">\n<li><span style=\"color: #000000;\">Gartenm\u00f6bel<\/span><\/li>\n<li><span style=\"color: #000000;\">Spielplatz<\/span><\/li>\n<li><span style=\"color: #000000;\">Gepflegter Garten<\/span><\/li>\n<li><span style=\"color: #000000;\">Whirlpool<\/span><\/li>\n<li><span style=\"color: #000000;\">Bew\u00e4sserungsanlage<\/span><\/li>\n<\/ul>\n<ul class=\"sadrzaj-list\">\n<li><span style=\"color: #000000;\">Rasen<\/span><\/li>\n<li><span style=\"color: #000000;\">Privater Parkplatz<\/span><\/li>\n<li><span style=\"color: #000000;\">Au\u00dfentoilette<\/span><\/li>\n<li><span style=\"color: #000000;\">Liegest\u00fchle (9)<\/span><\/li>\n<\/ul>\n<\/div>\n<\/div>\n\t\t\t\t\t\t\t<\/div>\n\t\t\t\t\t\t<\/div><div class=\" jet-accordion__item jet-toggle jet-toggle-move-up-effect \">\n\t\t\t\t\t\t\t<div id=\"jet-toggle-control-2422\" class=\"jet-toggle__control elementor-menu-anchor\" data-toggle=\"2\" role=\"button\" tabindex=\"0\" aria-controls=\"jet-toggle-content-2422\" aria-expanded=\"false\" data-template-id=\"false\">\n\t\t\t\t\t\t\t\t<div class=\"jet-toggle__label-icon jet-toggle-icon-position-left\"><span class=\"jet-toggle__icon icon-normal jet-tabs-icon\"><i class=\"fas fa-plus\"><\/i><\/span><span class=\"jet-toggle__icon icon-active jet-tabs-icon\"><i class=\"fas fa-minus\"><\/i><\/span><\/div><div class=\"jet-toggle__label-text\">Unterkunft<\/div>\t\t\t\t\t\t\t<\/div>\n\t\t\t\t\t\t\t<div id=\"jet-toggle-content-2422\" class=\"jet-toggle__content\" data-toggle=\"2\" role=\"region\" data-template-id=\"false\">\n\t\t\t\t\t\t\t\t<div class=\"jet-toggle__content-inner\"><div class=\"d-flex\">\n<ul class=\"sadrzaj-list\">\n<li><span style=\"color: #000000;\">Haustiere auf Anfrage<\/span><\/li>\n<li><span style=\"color: #000000;\">Das Rauchen ist nur im Freien erlaubt.<\/span><\/li>\n<\/ul>\n<ul class=\"sadrzaj-list\">\n<li><span style=\"color: #000000;\">Partys sind nicht erlaubt<\/span><\/li>\n<li><span style=\"color: #000000;\">Gruppen von Jugendlichen sind erlaubt.<\/span><\/li>\n<\/ul>\n<\/div>\n<\/div>\n\t\t\t\t\t\t\t<\/div>\n\t\t\t\t\t\t<\/div><div class=\" jet-accordion__item jet-toggle jet-toggle-move-up-effect \">\n\t\t\t\t\t\t\t<div id=\"jet-toggle-control-2423\" class=\"jet-toggle__control elementor-menu-anchor\" data-toggle=\"3\" role=\"button\" tabindex=\"0\" aria-controls=\"jet-toggle-content-2423\" aria-expanded=\"false\" data-template-id=\"false\">\n\t\t\t\t\t\t\t\t<div class=\"jet-toggle__label-icon jet-toggle-icon-position-left\"><span class=\"jet-toggle__icon icon-normal jet-tabs-icon\"><i class=\"fas fa-plus\"><\/i><\/span><span class=\"jet-toggle__icon icon-active jet-tabs-icon\"><i class=\"fas fa-minus\"><\/i><\/span><\/div><div class=\"jet-toggle__label-text\">Heizen und K\u00fchlen<\/div>\t\t\t\t\t\t\t<\/div>\n\t\t\t\t\t\t\t<div id=\"jet-toggle-content-2423\" class=\"jet-toggle__content\" data-toggle=\"3\" role=\"region\" data-template-id=\"false\">\n\t\t\t\t\t\t\t\t<div class=\"jet-toggle__content-inner\"><div class=\"d-flex\">\n<ul class=\"sadrzaj-list\">\n<li><span style=\"color: #000000;\">Klimaanlage Heizung<\/span><\/li>\n<\/ul>\n<ul class=\"sadrzaj-list\">\n<li><span style=\"color: #000000;\">Kamin<\/span><\/li>\n<\/ul>\n<ul class=\"sadrzaj-list\">\n<li><span style=\"color: #000000;\">Zentralheizung<\/span><\/li>\n<\/ul>\n<\/div>\n<\/div>\n\t\t\t\t\t\t\t<\/div>\n\t\t\t\t\t\t<\/div><div class=\" jet-accordion__item jet-toggle jet-toggle-move-up-effect \">\n\t\t\t\t\t\t\t<div id=\"jet-toggle-control-2424\" class=\"jet-toggle__control elementor-menu-anchor\" data-toggle=\"4\" role=\"button\" tabindex=\"0\" aria-controls=\"jet-toggle-content-2424\" aria-expanded=\"false\" data-template-id=\"false\">\n\t\t\t\t\t\t\t\t<div class=\"jet-toggle__label-icon jet-toggle-icon-position-left\"><span class=\"jet-toggle__icon icon-normal jet-tabs-icon\"><i class=\"fas fa-plus\"><\/i><\/span><span class=\"jet-toggle__icon icon-active jet-tabs-icon\"><i class=\"fas fa-minus\"><\/i><\/span><\/div><div class=\"jet-toggle__label-text\">K\u00fcche und Esszimmer<\/div>\t\t\t\t\t\t\t<\/div>\n\t\t\t\t\t\t\t<div id=\"jet-toggle-content-2424\" class=\"jet-toggle__content\" data-toggle=\"4\" role=\"region\" data-template-id=\"false\">\n\t\t\t\t\t\t\t\t<div class=\"jet-toggle__content-inner\"><div class=\"d-flex\">\n<ul class=\"sadrzaj-list\">\n<li><span style=\"color: #000000;\">Ofen<\/span><\/li>\n<li><span style=\"color: #000000;\">Geschirrsp\u00fclmaschine<\/span><\/li>\n<li><span style=\"color: #000000;\">Teekanne<\/span><\/li>\n<li><span style=\"color: #000000;\">Willkommenspaket<\/span><\/li>\n<li><span style=\"color: #000000;\">Herd<\/span><\/li>\n<\/ul>\n<ul class=\"sadrzaj-list\">\n<li><span style=\"color: #000000;\">Kaffeemaschine<\/span><\/li>\n<li><span style=\"color: #000000;\">Gefrierschrank<\/span><\/li>\n<li><span style=\"color: #000000;\">Gew\u00fcrze<\/span><\/li>\n<li><span style=\"color: #000000;\">Voll ausgestattete K\u00fcche<\/span><\/li>\n<li><span style=\"color: #000000;\">Essbereich im Freien (10)<\/span><\/li>\n<\/ul>\n<ul class=\"sadrzaj-list\">\n<li><span style=\"color: #000000;\">K\u00fchlschrank<\/span><\/li>\n<li><span style=\"color: #000000;\">Mikrowellenherd<\/span><\/li>\n<li><span style=\"color: #000000;\">Kinderfreundliche Dienstleistungen Hochstuhl<\/span><\/li>\n<li><span style=\"color: #000000;\">Esszimmer im Innenbereich (9)<\/span><\/li>\n<\/ul>\n<\/div>\n<\/div>\n\t\t\t\t\t\t\t<\/div>\n\t\t\t\t\t\t<\/div><div class=\" jet-accordion__item jet-toggle jet-toggle-move-up-effect \">\n\t\t\t\t\t\t\t<div id=\"jet-toggle-control-2425\" class=\"jet-toggle__control elementor-menu-anchor\" data-toggle=\"5\" role=\"button\" tabindex=\"0\" aria-controls=\"jet-toggle-content-2425\" aria-expanded=\"false\" data-template-id=\"false\">\n\t\t\t\t\t\t\t\t<div class=\"jet-toggle__label-icon jet-toggle-icon-position-left\"><span class=\"jet-toggle__icon icon-normal jet-tabs-icon\"><i class=\"fas fa-plus\"><\/i><\/span><span class=\"jet-toggle__icon icon-active jet-tabs-icon\"><i class=\"fas fa-minus\"><\/i><\/span><\/div><div class=\"jet-toggle__label-text\">Wohnzimmer<\/div>\t\t\t\t\t\t\t<\/div>\n\t\t\t\t\t\t\t<div id=\"jet-toggle-content-2425\" class=\"jet-toggle__content\" data-toggle=\"5\" role=\"region\" data-template-id=\"false\">\n\t\t\t\t\t\t\t\t<div class=\"jet-toggle__content-inner\"><div class=\"d-flex\">\n<ul class=\"sadrzaj-list\">\n<li><span style=\"color: #000000;\">Bettsofa<\/span><\/li>\n<li><span style=\"color: #000000;\">Satellitenfernsehen<\/span><\/li>\n<li><span style=\"color: #000000;\">Smart-TV<\/span><\/li>\n<\/ul>\n<ul class=\"sadrzaj-list\">\n<li><span style=\"color: #000000;\">WI-FI<\/span><\/li>\n<li><span style=\"color: #000000;\">Fernsehen<\/span><\/li>\n<\/ul>\n<ul class=\"sadrzaj-list\">\n<li><span style=\"color: #000000;\">Erste-Hilfe-Kasten<\/span><\/li>\n<\/ul>\n<\/div>\n<\/div>\n\t\t\t\t\t\t\t<\/div>\n\t\t\t\t\t\t<\/div><div class=\" jet-accordion__item jet-toggle jet-toggle-move-up-effect \">\n\t\t\t\t\t\t\t<div id=\"jet-toggle-control-2426\" class=\"jet-toggle__control elementor-menu-anchor\" data-toggle=\"6\" role=\"button\" tabindex=\"0\" aria-controls=\"jet-toggle-content-2426\" aria-expanded=\"false\" data-template-id=\"false\">\n\t\t\t\t\t\t\t\t<div class=\"jet-toggle__label-icon jet-toggle-icon-position-left\"><span class=\"jet-toggle__icon icon-normal jet-tabs-icon\"><i class=\"fas fa-plus\"><\/i><\/span><span class=\"jet-toggle__icon icon-active jet-tabs-icon\"><i class=\"fas fa-minus\"><\/i><\/span><\/div><div class=\"jet-toggle__label-text\">Waschk\u00fcche<\/div>\t\t\t\t\t\t\t<\/div>\n\t\t\t\t\t\t\t<div id=\"jet-toggle-content-2426\" class=\"jet-toggle__content\" data-toggle=\"6\" role=\"region\" data-template-id=\"false\">\n\t\t\t\t\t\t\t\t<div class=\"jet-toggle__content-inner\"><div class=\"d-flex\">\n<ul class=\"sadrzaj-list\">\n<li><span style=\"color: #000000;\">Waschen<\/span><\/li>\n<li><span style=\"color: #000000;\">Reinigungsmittel<\/span><\/li>\n<\/ul>\n<ul class=\"sadrzaj-list\">\n<li><span style=\"color: #000000;\">B\u00fcgeleisen &amp; B\u00fcgelbrett<\/span><\/li>\n<li><span style=\"color: #000000;\">Staubsauger<\/span><\/li>\n<\/ul>\n<ul class=\"sadrzaj-list\">\n<li><span style=\"color: #000000;\">Trockener<\/span><\/li>\n<\/ul>\n<\/div>\n<\/div>\n\t\t\t\t\t\t\t<\/div>\n\t\t\t\t\t\t<\/div><div class=\" jet-accordion__item jet-toggle jet-toggle-move-up-effect \">\n\t\t\t\t\t\t\t<div id=\"jet-toggle-control-2427\" class=\"jet-toggle__control elementor-menu-anchor\" data-toggle=\"7\" role=\"button\" tabindex=\"0\" aria-controls=\"jet-toggle-content-2427\" aria-expanded=\"false\" data-template-id=\"false\">\n\t\t\t\t\t\t\t\t<div class=\"jet-toggle__label-icon jet-toggle-icon-position-left\"><span class=\"jet-toggle__icon icon-normal jet-tabs-icon\"><i class=\"fas fa-plus\"><\/i><\/span><span class=\"jet-toggle__icon icon-active jet-tabs-icon\"><i class=\"fas fa-minus\"><\/i><\/span><\/div><div class=\"jet-toggle__label-text\">Aktivit\u00e4ten<\/div>\t\t\t\t\t\t\t<\/div>\n\t\t\t\t\t\t\t<div id=\"jet-toggle-content-2427\" class=\"jet-toggle__content\" data-toggle=\"7\" role=\"region\" data-template-id=\"false\">\n\t\t\t\t\t\t\t\t<div class=\"jet-toggle__content-inner\"><div class=\"d-flex\">\n<ul class=\"sadrzaj-list\">\n<li><span style=\"color: #000000;\">Trampolin<\/span><\/li>\n<li><span style=\"color: #000000;\">Sauna<\/span><\/li>\n<li><span style=\"color: #000000;\">Whirlpool<\/span><\/li>\n<li><span style=\"color: #000000;\">Outdoor-TV<\/span><\/li>\n<\/ul>\n<ul class=\"sadrzaj-list\">\n<li><span style=\"color: #000000;\">Darts<\/span><\/li>\n<li><span style=\"color: #000000;\">Fitnessstudio<\/span><\/li>\n<li><span style=\"color: #000000;\">Playstation 4<\/span><\/li>\n<li><span style=\"color: #000000;\">Tretm\u00fchle<\/span><\/li>\n<\/ul>\n<ul class=\"sadrzaj-list\">\n<li><span style=\"color: #000000;\">Ruheraum<\/span><\/li>\n<li><span style=\"color: #000000;\">Spielplatz<\/span><\/li>\n<li><span style=\"color: #000000;\">Trainingsger\u00e4te<\/span><\/li>\n<li><span style=\"color: #000000;\">Radweg<\/span><\/li>\n<\/ul>\n<\/div>\n<\/div>\n\t\t\t\t\t\t\t<\/div>\n\t\t\t\t\t\t<\/div>\t\t\t<\/div>\n\t\t<\/div>\n\t\t\t\t\t\t<\/div>\n\t\t\t\t<\/div>\n\t\t\t\t\t<\/div>\n\t\t<\/div>\n\t\t\t\t\t<\/div>\n\t\t<\/section>\n\t\t\t\t<\/div>\n\t\t","protected":false},"excerpt":{"rendered":"<p>EINRICHTUNGEN VILLA DETAILS \u00c4u\u00dferes Komplett eingez\u00e4unter Hof Grillen Au\u00dfendusche Beheizter Pool Sonnenschirme Gartenm\u00f6bel Spielplatz Gepflegter Garten Whirlpool Bew\u00e4sserungsanlage Rasen Privater Parkplatz Au\u00dfentoilette Liegest\u00fchle (9) Unterkunft Haustiere auf Anfrage Das Rauchen ist nur im Freien erlaubt. Partys sind nicht erlaubt Gruppen von Jugendlichen sind erlaubt. Heizen und K\u00fchlen Klimaanlage Heizung Kamin Zentralheizung K\u00fcche und Esszimmer Ofen [&hellip;]<\/p>\n","protected":false},"author":2,"featured_media":0,"parent":0,"menu_order":0,"comment_status":"closed","ping_status":"closed","template":"","meta":{"om_disable_all_campaigns":false,"_monsterinsights_skip_tracking":false,"_monsterinsights_sitenote_active":false,"_monsterinsights_sitenote_note":"","_monsterinsights_sitenote_category":0,"_uf_show_specific_survey":0,"_uf_disable_surveys":false,"pgc_sgb_lightbox_settings":"","footnotes":""},"class_list":["post-3171","page","type-page","status-publish","hentry"],"aioseo_notices":[],"yoast_head":"<!-- This site is optimized with the Yoast SEO plugin v27.0 - https:\/\/yoast.com\/product\/yoast-seo-wordpress\/ -->\n<title>EINRICHTUNGEN - Villa Romansa<\/title>\n<meta name=\"robots\" content=\"index, follow, max-snippet:-1, max-image-preview:large, max-video-preview:-1\" \/>\n<link rel=\"canonical\" href=\"https:\/\/villa-romansa.com\/de\/einrichtungen\/\" \/>\n<meta property=\"og:locale\" content=\"de_DE\" \/>\n<meta property=\"og:type\" content=\"article\" \/>\n<meta property=\"og:title\" content=\"EINRICHTUNGEN - Villa Romansa\" \/>\n<meta property=\"og:description\" content=\"EINRICHTUNGEN VILLA DETAILS \u00c4u\u00dferes Komplett eingez\u00e4unter Hof Grillen Au\u00dfendusche Beheizter Pool Sonnenschirme Gartenm\u00f6bel Spielplatz Gepflegter Garten Whirlpool Bew\u00e4sserungsanlage Rasen Privater Parkplatz Au\u00dfentoilette Liegest\u00fchle (9) Unterkunft Haustiere auf Anfrage Das Rauchen ist nur im Freien erlaubt. Partys sind nicht erlaubt Gruppen von Jugendlichen sind erlaubt. Heizen und K\u00fchlen Klimaanlage Heizung Kamin Zentralheizung K\u00fcche und Esszimmer Ofen [&hellip;]\" \/>\n<meta property=\"og:url\" content=\"https:\/\/villa-romansa.com\/de\/einrichtungen\/\" \/>\n<meta property=\"og:site_name\" content=\"Villa Romansa\" \/>\n<meta property=\"article:modified_time\" content=\"2023-09-21T10:17:56+00:00\" \/>\n<meta name=\"twitter:card\" content=\"summary_large_image\" \/>\n<meta name=\"twitter:label1\" content=\"Gesch\u00e4tzte Lesezeit\" \/>\n\t<meta name=\"twitter:data1\" content=\"1\u00a0Minute\" \/>\n<script type=\"application\/ld+json\" class=\"yoast-schema-graph\">{\"@context\":\"https:\/\/schema.org\",\"@graph\":[{\"@type\":\"WebPage\",\"@id\":\"https:\/\/villa-romansa.com\/de\/einrichtungen\/\",\"url\":\"https:\/\/villa-romansa.com\/de\/einrichtungen\/\",\"name\":\"EINRICHTUNGEN - Villa Romansa\",\"isPartOf\":{\"@id\":\"https:\/\/villa-romansa.com\/#website\"},\"datePublished\":\"2023-08-05T17:47:30+00:00\",\"dateModified\":\"2023-09-21T10:17:56+00:00\",\"breadcrumb\":{\"@id\":\"https:\/\/villa-romansa.com\/de\/einrichtungen\/#breadcrumb\"},\"inLanguage\":\"de\",\"potentialAction\":[{\"@type\":\"ReadAction\",\"target\":[\"https:\/\/villa-romansa.com\/de\/einrichtungen\/\"]}]},{\"@type\":\"BreadcrumbList\",\"@id\":\"https:\/\/villa-romansa.com\/de\/einrichtungen\/#breadcrumb\",\"itemListElement\":[{\"@type\":\"ListItem\",\"position\":1,\"name\":\"Po\u010detna stranica\",\"item\":\"https:\/\/villa-romansa.com\/\"},{\"@type\":\"ListItem\",\"position\":2,\"name\":\"EINRICHTUNGEN\"}]},{\"@type\":\"WebSite\",\"@id\":\"https:\/\/villa-romansa.com\/#website\",\"url\":\"https:\/\/villa-romansa.com\/\",\"name\":\"Villa Romansa\",\"description\":\"Villa Romansa blizu \u0160ibenika\",\"publisher\":{\"@id\":\"https:\/\/villa-romansa.com\/#organization\"},\"potentialAction\":[{\"@type\":\"SearchAction\",\"target\":{\"@type\":\"EntryPoint\",\"urlTemplate\":\"https:\/\/villa-romansa.com\/?s={search_term_string}\"},\"query-input\":{\"@type\":\"PropertyValueSpecification\",\"valueRequired\":true,\"valueName\":\"search_term_string\"}}],\"inLanguage\":\"de\"},{\"@type\":\"Organization\",\"@id\":\"https:\/\/villa-romansa.com\/#organization\",\"name\":\"Villa Romansa\",\"url\":\"https:\/\/villa-romansa.com\/\",\"logo\":{\"@type\":\"ImageObject\",\"inLanguage\":\"de\",\"@id\":\"https:\/\/villa-romansa.com\/#\/schema\/logo\/image\/\",\"url\":\"https:\/\/villa-romansa.com\/wp-content\/uploads\/2021\/06\/logo-dark.png\",\"contentUrl\":\"https:\/\/villa-romansa.com\/wp-content\/uploads\/2021\/06\/logo-dark.png\",\"width\":390,\"height\":241,\"caption\":\"Villa Romansa\"},\"image\":{\"@id\":\"https:\/\/villa-romansa.com\/#\/schema\/logo\/image\/\"}}]}<\/script>\n<!-- \/ Yoast SEO plugin. -->","yoast_head_json":{"title":"EINRICHTUNGEN - Villa Romansa","robots":{"index":"index","follow":"follow","max-snippet":"max-snippet:-1","max-image-preview":"max-image-preview:large","max-video-preview":"max-video-preview:-1"},"canonical":"https:\/\/villa-romansa.com\/de\/einrichtungen\/","og_locale":"de_DE","og_type":"article","og_title":"EINRICHTUNGEN - Villa Romansa","og_description":"EINRICHTUNGEN VILLA DETAILS \u00c4u\u00dferes Komplett eingez\u00e4unter Hof Grillen Au\u00dfendusche Beheizter Pool Sonnenschirme Gartenm\u00f6bel Spielplatz Gepflegter Garten Whirlpool Bew\u00e4sserungsanlage Rasen Privater Parkplatz Au\u00dfentoilette Liegest\u00fchle (9) Unterkunft Haustiere auf Anfrage Das Rauchen ist nur im Freien erlaubt. Partys sind nicht erlaubt Gruppen von Jugendlichen sind erlaubt. Heizen und K\u00fchlen Klimaanlage Heizung Kamin Zentralheizung K\u00fcche und Esszimmer Ofen [&hellip;]","og_url":"https:\/\/villa-romansa.com\/de\/einrichtungen\/","og_site_name":"Villa Romansa","article_modified_time":"2023-09-21T10:17:56+00:00","twitter_card":"summary_large_image","twitter_misc":{"Gesch\u00e4tzte Lesezeit":"1\u00a0Minute"},"schema":{"@context":"https:\/\/schema.org","@graph":[{"@type":"WebPage","@id":"https:\/\/villa-romansa.com\/de\/einrichtungen\/","url":"https:\/\/villa-romansa.com\/de\/einrichtungen\/","name":"EINRICHTUNGEN - Villa Romansa","isPartOf":{"@id":"https:\/\/villa-romansa.com\/#website"},"datePublished":"2023-08-05T17:47:30+00:00","dateModified":"2023-09-21T10:17:56+00:00","breadcrumb":{"@id":"https:\/\/villa-romansa.com\/de\/einrichtungen\/#breadcrumb"},"inLanguage":"de","potentialAction":[{"@type":"ReadAction","target":["https:\/\/villa-romansa.com\/de\/einrichtungen\/"]}]},{"@type":"BreadcrumbList","@id":"https:\/\/villa-romansa.com\/de\/einrichtungen\/#breadcrumb","itemListElement":[{"@type":"ListItem","position":1,"name":"Po\u010detna stranica","item":"https:\/\/villa-romansa.com\/"},{"@type":"ListItem","position":2,"name":"EINRICHTUNGEN"}]},{"@type":"WebSite","@id":"https:\/\/villa-romansa.com\/#website","url":"https:\/\/villa-romansa.com\/","name":"Villa Romansa","description":"Villa Romansa blizu \u0160ibenika","publisher":{"@id":"https:\/\/villa-romansa.com\/#organization"},"potentialAction":[{"@type":"SearchAction","target":{"@type":"EntryPoint","urlTemplate":"https:\/\/villa-romansa.com\/?s={search_term_string}"},"query-input":{"@type":"PropertyValueSpecification","valueRequired":true,"valueName":"search_term_string"}}],"inLanguage":"de"},{"@type":"Organization","@id":"https:\/\/villa-romansa.com\/#organization","name":"Villa Romansa","url":"https:\/\/villa-romansa.com\/","logo":{"@type":"ImageObject","inLanguage":"de","@id":"https:\/\/villa-romansa.com\/#\/schema\/logo\/image\/","url":"https:\/\/villa-romansa.com\/wp-content\/uploads\/2021\/06\/logo-dark.png","contentUrl":"https:\/\/villa-romansa.com\/wp-content\/uploads\/2021\/06\/logo-dark.png","width":390,"height":241,"caption":"Villa Romansa"},"image":{"@id":"https:\/\/villa-romansa.com\/#\/schema\/logo\/image\/"}}]}},"_links":{"self":[{"href":"https:\/\/villa-romansa.com\/de\/wp-json\/wp\/v2\/pages\/3171","targetHints":{"allow":["GET"]}}],"collection":[{"href":"https:\/\/villa-romansa.com\/de\/wp-json\/wp\/v2\/pages"}],"about":[{"href":"https:\/\/villa-romansa.com\/de\/wp-json\/wp\/v2\/types\/page"}],"author":[{"embeddable":true,"href":"https:\/\/villa-romansa.com\/de\/wp-json\/wp\/v2\/users\/2"}],"replies":[{"embeddable":true,"href":"https:\/\/villa-romansa.com\/de\/wp-json\/wp\/v2\/comments?post=3171"}],"version-history":[{"count":0,"href":"https:\/\/villa-romansa.com\/de\/wp-json\/wp\/v2\/pages\/3171\/revisions"}],"wp:attachment":[{"href":"https:\/\/villa-romansa.com\/de\/wp-json\/wp\/v2\/media?parent=3171"}],"curies":[{"name":"wp","href":"https:\/\/api.w.org\/{rel}","templated":true}]}}