{"id":3173,"date":"2023-08-07T20:04:29","date_gmt":"2023-08-07T20:04:29","guid":{"rendered":"https:\/\/villa-romansa.com\/aktivitaeten-und-sehenswuerdigkeiten\/"},"modified":"2023-09-21T10:18:07","modified_gmt":"2023-09-21T10:18:07","slug":"aktivitaeten-und-sehenswuerdigkeiten","status":"publish","type":"page","link":"https:\/\/villa-romansa.com\/de\/aktivitaeten-und-sehenswuerdigkeiten\/","title":{"rendered":"AKTIVIT\u00c4TEN UND SEHENSW\u00dcRDIGKEITEN"},"content":{"rendered":"\t\t<div data-elementor-type=\"wp-page\" data-elementor-id=\"3173\" class=\"elementor elementor-3173 elementor-2415\">\n\t\t\t\t\t\t<section class=\"elementor-section elementor-top-section elementor-element elementor-element-370828a elementor-section-boxed elementor-section-height-default elementor-section-height-default\" data-id=\"370828a\" data-element_type=\"section\" data-e-type=\"section\" data-settings=\"{&quot;jet_parallax_layout_list&quot;:[]}\">\n\t\t\t\t\t\t<div class=\"elementor-container elementor-column-gap-default\">\n\t\t\t\t\t<div class=\"elementor-column elementor-col-100 elementor-top-column elementor-element elementor-element-745244b\" data-id=\"745244b\" data-element_type=\"column\" data-e-type=\"column\">\n\t\t\t<div class=\"elementor-widget-wrap elementor-element-populated\">\n\t\t\t\t\t\t<div class=\"elementor-element elementor-element-7021e60 elementor-widget elementor-widget-heading\" data-id=\"7021e60\" data-element_type=\"widget\" data-e-type=\"widget\" data-widget_type=\"heading.default\">\n\t\t\t\t<div class=\"elementor-widget-container\">\n\t\t\t\t\t<h2 class=\"elementor-heading-title elementor-size-default\">Typische Naturmerkmale der Region<\/h2>\t\t\t\t<\/div>\n\t\t\t\t<\/div>\n\t\t\t\t<div class=\"elementor-element elementor-element-724f955 elementor-widget-divider--view-line elementor-widget elementor-widget-divider\" data-id=\"724f955\" data-element_type=\"widget\" data-e-type=\"widget\" data-widget_type=\"divider.default\">\n\t\t\t\t<div class=\"elementor-widget-container\">\n\t\t\t\t\t\t\t<div class=\"elementor-divider\">\n\t\t\t<span class=\"elementor-divider-separator\">\n\t\t\t\t\t\t<\/span>\n\t\t<\/div>\n\t\t\t\t\t\t<\/div>\n\t\t\t\t<\/div>\n\t\t\t\t<div class=\"elementor-element elementor-element-5534de3 elementor-widget elementor-widget-text-editor\" data-id=\"5534de3\" data-element_type=\"widget\" data-e-type=\"widget\" data-widget_type=\"text-editor.default\">\n\t\t\t\t<div class=\"elementor-widget-container\">\n\t\t\t\t\t\t\t\t\t<p><span style=\"color: #ffffff;\"><strong>Genie\u00dfen Sie Schwimmen und Sonnenbaden an wundersch\u00f6nen Str\u00e4nden, segeln Sie auf der kristallklaren Adria, entdecken Sie viele erstaunliche Buchten, Seen und Fl\u00fcsse, besuchen Sie wundersch\u00f6ne K\u00fcsteninseln, wandern Sie durch spektakul\u00e4re Berge und erkunden Sie atemberaubende Nationalparks und Naturparks mit ihrer Sch\u00f6nheit, alles in dieser wundersch\u00f6nen, attraktiven und vielf\u00e4ltigen Grafschaft!<\/strong><\/span><\/p>\n\t\t\t\t\t\t\t\t<\/div>\n\t\t\t\t<\/div>\n\t\t\t\t<div class=\"elementor-element elementor-element-5af2450 elementor-widget elementor-widget-text-editor\" data-id=\"5af2450\" data-element_type=\"widget\" data-e-type=\"widget\" data-widget_type=\"text-editor.default\">\n\t\t\t\t<div class=\"elementor-widget-container\">\n\t\t\t\t\t\t\t\t\t<p><span style=\"color: #ffffff;\">Die Natur war der Gespanschaft \u0160ibenik-Knin schon immer sehr gro\u00dfz\u00fcgig und hat ihr ein ausgezeichnetes Klima und Bedingungen f\u00fcr ein friedliches Leben und einen Reichtum an endemischen Wildtieren gegeben. Ein reiches S\u00fc\u00dfwasser\u00f6kosystem, das zwischen felsigen Bergen und ruhiger See verdichtet ist, sowie die symbiotische N\u00e4he attraktiver Inseln zur bezaubernden K\u00fcste haben die gro\u00dfartigsten Naturdenkm\u00e4ler geschaffen, als Geschenk f\u00fcr die lokale Bev\u00f6lkerung und Besucher! Die gro\u00dfe Bergwand des dalmatinischen Hinterlandes, die m\u00e4chtigen, unber\u00fchrten Fl\u00fcsse, die Land und Meer verbinden, und die wundersch\u00f6n zerkl\u00fcftete K\u00fcste dieser Gegend verhinderten \u00dcberf\u00fcllung und Umweltverschmutzung und zogen gleichzeitig eine Vielzahl von begeisterten und dankbaren Touristen an. Es gibt keinen Grund, warum Sie sich dieser prestigetr\u00e4chtigen Liste nicht anschlie\u00dfen sollten!<\/span><\/p>\n\t\t\t\t\t\t\t\t<\/div>\n\t\t\t\t<\/div>\n\t\t\t\t\t<\/div>\n\t\t<\/div>\n\t\t\t\t\t<\/div>\n\t\t<\/section>\n\t\t\t\t<section class=\"elementor-section elementor-top-section elementor-element elementor-element-73eaf16 elementor-section-boxed elementor-section-height-default elementor-section-height-default\" data-id=\"73eaf16\" data-element_type=\"section\" data-e-type=\"section\" data-settings=\"{&quot;jet_parallax_layout_list&quot;:[]}\">\n\t\t\t\t\t\t<div class=\"elementor-container elementor-column-gap-default\">\n\t\t\t\t\t<div class=\"elementor-column elementor-col-100 elementor-top-column elementor-element elementor-element-9cdb049\" data-id=\"9cdb049\" data-element_type=\"column\" data-e-type=\"column\">\n\t\t\t<div class=\"elementor-widget-wrap elementor-element-populated\">\n\t\t\t\t\t\t<div class=\"elementor-element elementor-element-74621b8 elementor-widget elementor-widget-heading\" data-id=\"74621b8\" data-element_type=\"widget\" data-e-type=\"widget\" data-widget_type=\"heading.default\">\n\t\t\t\t<div class=\"elementor-widget-container\">\n\t\t\t\t\t<h2 class=\"elementor-heading-title elementor-size-default\">Herrliche Naturattraktionen<\/h2>\t\t\t\t<\/div>\n\t\t\t\t<\/div>\n\t\t\t\t\t<\/div>\n\t\t<\/div>\n\t\t\t\t\t<\/div>\n\t\t<\/section>\n\t\t\t\t<section class=\"elementor-section elementor-top-section elementor-element elementor-element-e3fca44 elementor-section-boxed elementor-section-height-default elementor-section-height-default\" data-id=\"e3fca44\" data-element_type=\"section\" data-e-type=\"section\" data-settings=\"{&quot;jet_parallax_layout_list&quot;:[]}\">\n\t\t\t\t\t\t<div class=\"elementor-container elementor-column-gap-default\">\n\t\t\t\t\t<div class=\"elementor-column elementor-col-100 elementor-top-column elementor-element elementor-element-c8ec4e5\" data-id=\"c8ec4e5\" data-element_type=\"column\" data-e-type=\"column\">\n\t\t\t<div class=\"elementor-widget-wrap elementor-element-populated\">\n\t\t\t\t\t\t<div class=\"elementor-element elementor-element-28dd89f elementor-widget elementor-widget-simply-galleries\" data-id=\"28dd89f\" data-element_type=\"widget\" data-e-type=\"widget\" data-widget_type=\"simply-galleries.default\">\n\t\t\t\t<div class=\"elementor-widget-container\">\n\t\t\t\t\t<div><div class=\"pgc-sgb-cb wp-block-pgcsimplygalleryblock-masonry \" data-gallery-id=\"64274835\"><div class=\"sgb-preloader\" id=\"pr_64274835\">\n\t<div class=\"sgb-square\" style=\"background:#d4d4d4\"><\/div>\n\t<div class=\"sgb-square\" style=\"background:#d4d4d4\"><\/div>\n\t<div class=\"sgb-square\" style=\"background:#d4d4d4\"><\/div>\n\t<div class=\"sgb-square\" style=\"background:#d4d4d4\"><\/div><\/div><div class=\"simply-gallery-amp pgc_sgb_slider \"><noscript><div class=\"sgb-gallery\"><div class=\"sgb-item\"><a href=\"https:\/\/villa-romansa.com\/wp-content\/uploads\/2023\/08\/ppvransko_jezero_shutterstock.jpg\"><img loading=\"lazy\" decoding=\"async\" alt=\"Park prirode Vransko jezero\" width=\"300\" height=\"201\" loading=\"lazy\" src=\"https:\/\/villa-romansa.com\/wp-content\/uploads\/2023\/08\/ppvransko_jezero_shutterstock-300x201.jpg\" srcset=\"https:\/\/villa-romansa.com\/wp-content\/uploads\/2023\/08\/ppvransko_jezero_shutterstock-300x201.jpg 300w,https:\/\/villa-romansa.com\/wp-content\/uploads\/2023\/08\/ppvransko_jezero_shutterstock.jpg 575w\" sizes=\"auto, 250px\"\/><\/a><div class=\"sgb-item-caption\"><em>Park prirode Vransko jezero<\/em><\/div><\/div><div class=\"sgb-item\"><a href=\"https:\/\/villa-romansa.com\/wp-content\/uploads\/2023\/08\/npkornati_ivopervan2_izvorhtz.jpg\"><img loading=\"lazy\" decoding=\"async\" alt=\"Nacionalni park Kornati\" width=\"300\" height=\"201\" loading=\"lazy\" src=\"https:\/\/villa-romansa.com\/wp-content\/uploads\/2023\/08\/npkornati_ivopervan2_izvorhtz-300x201.jpg\" srcset=\"https:\/\/villa-romansa.com\/wp-content\/uploads\/2023\/08\/npkornati_ivopervan2_izvorhtz-300x201.jpg 300w,https:\/\/villa-romansa.com\/wp-content\/uploads\/2023\/08\/npkornati_ivopervan2_izvorhtz.jpg 575w\" sizes=\"auto, 250px\"\/><\/a><div class=\"sgb-item-caption\"><em>Nacionalni park Kornati<\/em><\/div><\/div><div class=\"sgb-item\"><a href=\"https:\/\/villa-romansa.com\/wp-content\/uploads\/2023\/08\/npkrkamanja_shutterstock.jpg\"><img loading=\"lazy\" decoding=\"async\" alt=\"Nacionalni park Krka\" width=\"300\" height=\"201\" loading=\"lazy\" src=\"https:\/\/villa-romansa.com\/wp-content\/uploads\/2023\/08\/npkrkamanja_shutterstock-300x201.jpg\" srcset=\"https:\/\/villa-romansa.com\/wp-content\/uploads\/2023\/08\/npkrkamanja_shutterstock-300x201.jpg 300w,https:\/\/villa-romansa.com\/wp-content\/uploads\/2023\/08\/npkrkamanja_shutterstock.jpg 575w\" sizes=\"auto, 250px\"\/><\/a><div class=\"sgb-item-caption\"><em>Nacionalni park Krka<\/em><\/div><\/div><div class=\"sgb-item\"><a href=\"https:\/\/villa-romansa.com\/wp-content\/uploads\/2023\/08\/webpnet-resizeimage-2.jpg\"><img loading=\"lazy\" decoding=\"async\" alt=\"Park prirode Dinara\" width=\"300\" height=\"201\" loading=\"lazy\" src=\"https:\/\/villa-romansa.com\/wp-content\/uploads\/2023\/08\/webpnet-resizeimage-2-300x201.jpg\" srcset=\"https:\/\/villa-romansa.com\/wp-content\/uploads\/2023\/08\/webpnet-resizeimage-2-300x201.jpg 300w,https:\/\/villa-romansa.com\/wp-content\/uploads\/2023\/08\/webpnet-resizeimage-2.jpg 575w\" sizes=\"auto, 250px\"\/><\/a><div class=\"sgb-item-caption\"><em>Park prirode Dinara<\/em><\/div><\/div><div class=\"sgb-item\"><a href=\"https:\/\/villa-romansa.com\/wp-content\/uploads\/2023\/08\/sibenik_kanal_zoranvulinovic_luckauprava.jpg\"><img loading=\"lazy\" decoding=\"async\" alt=\"\" width=\"300\" height=\"201\" loading=\"lazy\" src=\"https:\/\/villa-romansa.com\/wp-content\/uploads\/2023\/08\/sibenik_kanal_zoranvulinovic_luckauprava-300x201.jpg\" srcset=\"https:\/\/villa-romansa.com\/wp-content\/uploads\/2023\/08\/sibenik_kanal_zoranvulinovic_luckauprava-300x201.jpg 300w,https:\/\/villa-romansa.com\/wp-content\/uploads\/2023\/08\/sibenik_kanal_zoranvulinovic_luckauprava.jpg 575w\" sizes=\"auto, 250px\"\/><\/a><div class=\"sgb-item-caption\"><em>Kanal sv. Ante<\/em><\/div><\/div><\/div><\/noscript><\/div><script type=\"application\/json\" class=\"sgb-data\">{\"collectionThumbSubMenuDownload\":false,\"collectionThumbSubMenuShare\":false,\"galleryType\":\"pgc_sgb_masonry\",\"galleryId\":\"64274835\",\"images\":[{\"id\":2444,\"title\":\"ppvransko_jezero_shutterstock\",\"url\":\"https:\/\/villa-romansa.com\/wp-content\/uploads\/2023\/08\/ppvransko_jezero_shutterstock.jpg\",\"link\":\"https:\/\/villa-romansa.com\/pgc_simply_gallery\/sto-raditi\/ppvransko_jezero_shutterstock\/\",\"alt\":\"Park prirode Vransko jezero\",\"description\":\"\",\"caption\":\"Park prirode Vransko jezero\",\"mime\":\"image\/jpeg\",\"type\":\"image\",\"width\":575,\"height\":385,\"sizes\":{\"thumbnail\":{\"height\":150,\"width\":150,\"url\":\"https:\/\/villa-romansa.com\/wp-content\/uploads\/2023\/08\/ppvransko_jezero_shutterstock-150x150.jpg\",\"orientation\":\"landscape\"},\"medium\":{\"height\":201,\"width\":300,\"url\":\"https:\/\/villa-romansa.com\/wp-content\/uploads\/2023\/08\/ppvransko_jezero_shutterstock-300x201.jpg\",\"orientation\":\"landscape\"},\"full\":{\"url\":\"https:\/\/villa-romansa.com\/wp-content\/uploads\/2023\/08\/ppvransko_jezero_shutterstock.jpg\",\"height\":385,\"width\":575,\"orientation\":\"landscape\"}},\"imageMeta\":{\"aperture\":\"0\",\"credit\":\"\",\"camera\":\"\",\"caption\":\"\",\"created_timestamp\":\"0\",\"copyright\":\"\",\"focal_length\":\"0\",\"iso\":\"0\",\"shutter_speed\":\"0\",\"title\":\"\",\"orientation\":\"0\",\"keywords\":[]},\"meta\":false},{\"id\":2443,\"title\":\"npkornati_ivopervan2_izvorhtz\",\"url\":\"https:\/\/villa-romansa.com\/wp-content\/uploads\/2023\/08\/npkornati_ivopervan2_izvorhtz.jpg\",\"link\":\"https:\/\/villa-romansa.com\/pgc_simply_gallery\/sto-raditi\/npkornati_ivopervan2_izvorhtz\/\",\"alt\":\"Nacionalni park Kornati\",\"description\":\"\",\"caption\":\"Nacionalni park Kornati\",\"mime\":\"image\/jpeg\",\"type\":\"image\",\"width\":575,\"height\":385,\"sizes\":{\"thumbnail\":{\"height\":150,\"width\":150,\"url\":\"https:\/\/villa-romansa.com\/wp-content\/uploads\/2023\/08\/npkornati_ivopervan2_izvorhtz-150x150.jpg\",\"orientation\":\"landscape\"},\"medium\":{\"height\":201,\"width\":300,\"url\":\"https:\/\/villa-romansa.com\/wp-content\/uploads\/2023\/08\/npkornati_ivopervan2_izvorhtz-300x201.jpg\",\"orientation\":\"landscape\"},\"full\":{\"url\":\"https:\/\/villa-romansa.com\/wp-content\/uploads\/2023\/08\/npkornati_ivopervan2_izvorhtz.jpg\",\"height\":385,\"width\":575,\"orientation\":\"landscape\"}},\"imageMeta\":{\"aperture\":\"0\",\"credit\":\"\",\"camera\":\"\",\"caption\":\"\",\"created_timestamp\":\"0\",\"copyright\":\"\",\"focal_length\":\"0\",\"iso\":\"0\",\"shutter_speed\":\"0\",\"title\":\"\",\"orientation\":\"0\",\"keywords\":[]},\"meta\":false},{\"id\":2442,\"title\":\"npkrkamanja_shutterstock\",\"url\":\"https:\/\/villa-romansa.com\/wp-content\/uploads\/2023\/08\/npkrkamanja_shutterstock.jpg\",\"link\":\"https:\/\/villa-romansa.com\/pgc_simply_gallery\/sto-raditi\/npkrkamanja_shutterstock\/\",\"alt\":\"Nacionalni park Krka\",\"description\":\"\",\"caption\":\"Nacionalni park Krka\",\"mime\":\"image\/jpeg\",\"type\":\"image\",\"width\":575,\"height\":385,\"sizes\":{\"thumbnail\":{\"height\":150,\"width\":150,\"url\":\"https:\/\/villa-romansa.com\/wp-content\/uploads\/2023\/08\/npkrkamanja_shutterstock-150x150.jpg\",\"orientation\":\"landscape\"},\"medium\":{\"height\":201,\"width\":300,\"url\":\"https:\/\/villa-romansa.com\/wp-content\/uploads\/2023\/08\/npkrkamanja_shutterstock-300x201.jpg\",\"orientation\":\"landscape\"},\"full\":{\"url\":\"https:\/\/villa-romansa.com\/wp-content\/uploads\/2023\/08\/npkrkamanja_shutterstock.jpg\",\"height\":385,\"width\":575,\"orientation\":\"landscape\"}},\"imageMeta\":{\"aperture\":\"0\",\"credit\":\"\",\"camera\":\"\",\"caption\":\"\",\"created_timestamp\":\"0\",\"copyright\":\"\",\"focal_length\":\"0\",\"iso\":\"0\",\"shutter_speed\":\"0\",\"title\":\"\",\"orientation\":\"0\",\"keywords\":[]},\"meta\":false},{\"id\":2441,\"title\":\"webpnet-resizeimage-2\",\"url\":\"https:\/\/villa-romansa.com\/wp-content\/uploads\/2023\/08\/webpnet-resizeimage-2.jpg\",\"link\":\"https:\/\/villa-romansa.com\/pgc_simply_gallery\/sto-raditi\/webpnet-resizeimage-2\/\",\"alt\":\"Park prirode Dinara\",\"description\":\"\",\"caption\":\"Park prirode Dinara\",\"mime\":\"image\/jpeg\",\"type\":\"image\",\"width\":575,\"height\":385,\"sizes\":{\"thumbnail\":{\"height\":150,\"width\":150,\"url\":\"https:\/\/villa-romansa.com\/wp-content\/uploads\/2023\/08\/webpnet-resizeimage-2-150x150.jpg\",\"orientation\":\"landscape\"},\"medium\":{\"height\":201,\"width\":300,\"url\":\"https:\/\/villa-romansa.com\/wp-content\/uploads\/2023\/08\/webpnet-resizeimage-2-300x201.jpg\",\"orientation\":\"landscape\"},\"full\":{\"url\":\"https:\/\/villa-romansa.com\/wp-content\/uploads\/2023\/08\/webpnet-resizeimage-2.jpg\",\"height\":385,\"width\":575,\"orientation\":\"landscape\"}},\"imageMeta\":{\"aperture\":\"0\",\"credit\":\"\",\"camera\":\"\",\"caption\":\"\",\"created_timestamp\":\"0\",\"copyright\":\"\",\"focal_length\":\"0\",\"iso\":\"0\",\"shutter_speed\":\"0\",\"title\":\"\",\"orientation\":\"0\",\"keywords\":[]},\"meta\":false},{\"id\":2440,\"title\":\"sibenik_kanal_zoranvulinovic_luckauprava\",\"url\":\"https:\/\/villa-romansa.com\/wp-content\/uploads\/2023\/08\/sibenik_kanal_zoranvulinovic_luckauprava.jpg\",\"link\":\"https:\/\/villa-romansa.com\/pgc_simply_gallery\/sto-raditi\/sibenik_kanal_zoranvulinovic_luckauprava\/\",\"alt\":\"\",\"description\":\"\",\"caption\":\"Kanal sv. Ante\",\"mime\":\"image\/jpeg\",\"type\":\"image\",\"width\":575,\"height\":385,\"sizes\":{\"thumbnail\":{\"height\":150,\"width\":150,\"url\":\"https:\/\/villa-romansa.com\/wp-content\/uploads\/2023\/08\/sibenik_kanal_zoranvulinovic_luckauprava-150x150.jpg\",\"orientation\":\"landscape\"},\"medium\":{\"height\":201,\"width\":300,\"url\":\"https:\/\/villa-romansa.com\/wp-content\/uploads\/2023\/08\/sibenik_kanal_zoranvulinovic_luckauprava-300x201.jpg\",\"orientation\":\"landscape\"},\"full\":{\"url\":\"https:\/\/villa-romansa.com\/wp-content\/uploads\/2023\/08\/sibenik_kanal_zoranvulinovic_luckauprava.jpg\",\"height\":385,\"width\":575,\"orientation\":\"landscape\"}},\"imageMeta\":{\"aperture\":\"0\",\"credit\":\"\",\"camera\":\"\",\"caption\":\"\",\"created_timestamp\":\"0\",\"copyright\":\"\",\"focal_length\":\"0\",\"iso\":\"0\",\"shutter_speed\":\"0\",\"title\":\"\",\"orientation\":\"0\",\"keywords\":[]},\"meta\":false}],\"itemsMetaDataCollection\":[],\"useLightbox\":false,\"thumbClickAction\":\"none\",\"translatedWithWPMLTM\":\"1\"}<\/script><script>(function(){if(window.PGC_SGB && window.PGC_SGB.searcher){window.PGC_SGB.searcher.initBlocks()}})()<\/script><\/div><\/div>\t\t\t\t<\/div>\n\t\t\t\t<\/div>\n\t\t\t\t\t<\/div>\n\t\t<\/div>\n\t\t\t\t\t<\/div>\n\t\t<\/section>\n\t\t\t\t<section class=\"elementor-section elementor-top-section elementor-element elementor-element-6ec046c elementor-section-boxed elementor-section-height-default elementor-section-height-default\" data-id=\"6ec046c\" data-element_type=\"section\" data-e-type=\"section\" data-settings=\"{&quot;jet_parallax_layout_list&quot;:[]}\">\n\t\t\t\t\t\t<div class=\"elementor-container elementor-column-gap-default\">\n\t\t\t\t\t<div class=\"elementor-column elementor-col-100 elementor-top-column elementor-element elementor-element-b61afc1\" data-id=\"b61afc1\" data-element_type=\"column\" data-e-type=\"column\">\n\t\t\t<div class=\"elementor-widget-wrap elementor-element-populated\">\n\t\t\t\t\t\t<div class=\"elementor-element elementor-element-cb7de90 elementor-widget elementor-widget-text-editor\" data-id=\"cb7de90\" data-element_type=\"widget\" data-e-type=\"widget\" data-widget_type=\"text-editor.default\">\n\t\t\t\t<div class=\"elementor-widget-container\">\n\t\t\t\t\t\t\t\t\t<p>Text und Fotos entnommen aus: <a href=\"https:\/\/dalmatiasibenik.hr\/\">https:\/\/dalmatiasibenik.hr\/<\/a><\/p>\n\t\t\t\t\t\t\t\t<\/div>\n\t\t\t\t<\/div>\n\t\t\t\t\t<\/div>\n\t\t<\/div>\n\t\t\t\t\t<\/div>\n\t\t<\/section>\n\t\t\t\t<\/div>\n\t\t","protected":false},"excerpt":{"rendered":"<p>Typische Naturmerkmale der Region Genie\u00dfen Sie Schwimmen und Sonnenbaden an wundersch\u00f6nen Str\u00e4nden, segeln Sie auf der kristallklaren Adria, entdecken Sie viele erstaunliche Buchten, Seen und Fl\u00fcsse, besuchen Sie wundersch\u00f6ne K\u00fcsteninseln, wandern Sie durch spektakul\u00e4re Berge und erkunden Sie atemberaubende Nationalparks und Naturparks mit ihrer Sch\u00f6nheit, alles in dieser wundersch\u00f6nen, attraktiven und vielf\u00e4ltigen Grafschaft! Die Natur [&hellip;]<\/p>\n","protected":false},"author":2,"featured_media":0,"parent":0,"menu_order":0,"comment_status":"closed","ping_status":"closed","template":"","meta":{"om_disable_all_campaigns":false,"_monsterinsights_skip_tracking":false,"_monsterinsights_sitenote_active":false,"_monsterinsights_sitenote_note":"","_monsterinsights_sitenote_category":0,"_uf_show_specific_survey":0,"_uf_disable_surveys":false,"pgc_sgb_lightbox_settings":"","footnotes":""},"class_list":["post-3173","page","type-page","status-publish","hentry"],"aioseo_notices":[],"yoast_head":"<!-- This site is optimized with the Yoast SEO plugin v27.0 - https:\/\/yoast.com\/product\/yoast-seo-wordpress\/ -->\n<title>AKTIVIT\u00c4TEN UND SEHENSW\u00dcRDIGKEITEN - Villa Romansa<\/title>\n<meta name=\"robots\" content=\"index, follow, max-snippet:-1, max-image-preview:large, max-video-preview:-1\" \/>\n<link rel=\"canonical\" href=\"https:\/\/villa-romansa.com\/de\/aktivitaeten-und-sehenswuerdigkeiten\/\" \/>\n<meta property=\"og:locale\" content=\"de_DE\" \/>\n<meta property=\"og:type\" content=\"article\" \/>\n<meta property=\"og:title\" content=\"AKTIVIT\u00c4TEN UND SEHENSW\u00dcRDIGKEITEN - Villa Romansa\" \/>\n<meta property=\"og:description\" content=\"Typische Naturmerkmale der Region Genie\u00dfen Sie Schwimmen und Sonnenbaden an wundersch\u00f6nen Str\u00e4nden, segeln Sie auf der kristallklaren Adria, entdecken Sie viele erstaunliche Buchten, Seen und Fl\u00fcsse, besuchen Sie wundersch\u00f6ne K\u00fcsteninseln, wandern Sie durch spektakul\u00e4re Berge und erkunden Sie atemberaubende Nationalparks und Naturparks mit ihrer Sch\u00f6nheit, alles in dieser wundersch\u00f6nen, attraktiven und vielf\u00e4ltigen Grafschaft! Die Natur [&hellip;]\" \/>\n<meta property=\"og:url\" content=\"https:\/\/villa-romansa.com\/de\/aktivitaeten-und-sehenswuerdigkeiten\/\" \/>\n<meta property=\"og:site_name\" content=\"Villa Romansa\" \/>\n<meta property=\"article:modified_time\" content=\"2023-09-21T10:18:07+00:00\" \/>\n<meta name=\"twitter:card\" content=\"summary_large_image\" \/>\n<meta name=\"twitter:label1\" content=\"Gesch\u00e4tzte Lesezeit\" \/>\n\t<meta name=\"twitter:data1\" content=\"1\u00a0Minute\" \/>\n<script type=\"application\/ld+json\" class=\"yoast-schema-graph\">{\"@context\":\"https:\/\/schema.org\",\"@graph\":[{\"@type\":\"WebPage\",\"@id\":\"https:\/\/villa-romansa.com\/de\/aktivitaeten-und-sehenswuerdigkeiten\/\",\"url\":\"https:\/\/villa-romansa.com\/de\/aktivitaeten-und-sehenswuerdigkeiten\/\",\"name\":\"AKTIVIT\u00c4TEN UND SEHENSW\u00dcRDIGKEITEN - Villa Romansa\",\"isPartOf\":{\"@id\":\"https:\/\/villa-romansa.com\/#website\"},\"datePublished\":\"2023-08-07T20:04:29+00:00\",\"dateModified\":\"2023-09-21T10:18:07+00:00\",\"breadcrumb\":{\"@id\":\"https:\/\/villa-romansa.com\/de\/aktivitaeten-und-sehenswuerdigkeiten\/#breadcrumb\"},\"inLanguage\":\"de\",\"potentialAction\":[{\"@type\":\"ReadAction\",\"target\":[\"https:\/\/villa-romansa.com\/de\/aktivitaeten-und-sehenswuerdigkeiten\/\"]}]},{\"@type\":\"BreadcrumbList\",\"@id\":\"https:\/\/villa-romansa.com\/de\/aktivitaeten-und-sehenswuerdigkeiten\/#breadcrumb\",\"itemListElement\":[{\"@type\":\"ListItem\",\"position\":1,\"name\":\"Po\u010detna stranica\",\"item\":\"https:\/\/villa-romansa.com\/\"},{\"@type\":\"ListItem\",\"position\":2,\"name\":\"AKTIVIT\u00c4TEN UND SEHENSW\u00dcRDIGKEITEN\"}]},{\"@type\":\"WebSite\",\"@id\":\"https:\/\/villa-romansa.com\/#website\",\"url\":\"https:\/\/villa-romansa.com\/\",\"name\":\"Villa Romansa\",\"description\":\"Villa Romansa blizu \u0160ibenika\",\"publisher\":{\"@id\":\"https:\/\/villa-romansa.com\/#organization\"},\"potentialAction\":[{\"@type\":\"SearchAction\",\"target\":{\"@type\":\"EntryPoint\",\"urlTemplate\":\"https:\/\/villa-romansa.com\/?s={search_term_string}\"},\"query-input\":{\"@type\":\"PropertyValueSpecification\",\"valueRequired\":true,\"valueName\":\"search_term_string\"}}],\"inLanguage\":\"de\"},{\"@type\":\"Organization\",\"@id\":\"https:\/\/villa-romansa.com\/#organization\",\"name\":\"Villa Romansa\",\"url\":\"https:\/\/villa-romansa.com\/\",\"logo\":{\"@type\":\"ImageObject\",\"inLanguage\":\"de\",\"@id\":\"https:\/\/villa-romansa.com\/#\/schema\/logo\/image\/\",\"url\":\"https:\/\/villa-romansa.com\/wp-content\/uploads\/2021\/06\/logo-dark.png\",\"contentUrl\":\"https:\/\/villa-romansa.com\/wp-content\/uploads\/2021\/06\/logo-dark.png\",\"width\":390,\"height\":241,\"caption\":\"Villa Romansa\"},\"image\":{\"@id\":\"https:\/\/villa-romansa.com\/#\/schema\/logo\/image\/\"}}]}<\/script>\n<!-- \/ Yoast SEO plugin. -->","yoast_head_json":{"title":"AKTIVIT\u00c4TEN UND SEHENSW\u00dcRDIGKEITEN - Villa Romansa","robots":{"index":"index","follow":"follow","max-snippet":"max-snippet:-1","max-image-preview":"max-image-preview:large","max-video-preview":"max-video-preview:-1"},"canonical":"https:\/\/villa-romansa.com\/de\/aktivitaeten-und-sehenswuerdigkeiten\/","og_locale":"de_DE","og_type":"article","og_title":"AKTIVIT\u00c4TEN UND SEHENSW\u00dcRDIGKEITEN - Villa Romansa","og_description":"Typische Naturmerkmale der Region Genie\u00dfen Sie Schwimmen und Sonnenbaden an wundersch\u00f6nen Str\u00e4nden, segeln Sie auf der kristallklaren Adria, entdecken Sie viele erstaunliche Buchten, Seen und Fl\u00fcsse, besuchen Sie wundersch\u00f6ne K\u00fcsteninseln, wandern Sie durch spektakul\u00e4re Berge und erkunden Sie atemberaubende Nationalparks und Naturparks mit ihrer Sch\u00f6nheit, alles in dieser wundersch\u00f6nen, attraktiven und vielf\u00e4ltigen Grafschaft! Die Natur [&hellip;]","og_url":"https:\/\/villa-romansa.com\/de\/aktivitaeten-und-sehenswuerdigkeiten\/","og_site_name":"Villa Romansa","article_modified_time":"2023-09-21T10:18:07+00:00","twitter_card":"summary_large_image","twitter_misc":{"Gesch\u00e4tzte Lesezeit":"1\u00a0Minute"},"schema":{"@context":"https:\/\/schema.org","@graph":[{"@type":"WebPage","@id":"https:\/\/villa-romansa.com\/de\/aktivitaeten-und-sehenswuerdigkeiten\/","url":"https:\/\/villa-romansa.com\/de\/aktivitaeten-und-sehenswuerdigkeiten\/","name":"AKTIVIT\u00c4TEN UND SEHENSW\u00dcRDIGKEITEN - Villa Romansa","isPartOf":{"@id":"https:\/\/villa-romansa.com\/#website"},"datePublished":"2023-08-07T20:04:29+00:00","dateModified":"2023-09-21T10:18:07+00:00","breadcrumb":{"@id":"https:\/\/villa-romansa.com\/de\/aktivitaeten-und-sehenswuerdigkeiten\/#breadcrumb"},"inLanguage":"de","potentialAction":[{"@type":"ReadAction","target":["https:\/\/villa-romansa.com\/de\/aktivitaeten-und-sehenswuerdigkeiten\/"]}]},{"@type":"BreadcrumbList","@id":"https:\/\/villa-romansa.com\/de\/aktivitaeten-und-sehenswuerdigkeiten\/#breadcrumb","itemListElement":[{"@type":"ListItem","position":1,"name":"Po\u010detna stranica","item":"https:\/\/villa-romansa.com\/"},{"@type":"ListItem","position":2,"name":"AKTIVIT\u00c4TEN UND SEHENSW\u00dcRDIGKEITEN"}]},{"@type":"WebSite","@id":"https:\/\/villa-romansa.com\/#website","url":"https:\/\/villa-romansa.com\/","name":"Villa Romansa","description":"Villa Romansa blizu \u0160ibenika","publisher":{"@id":"https:\/\/villa-romansa.com\/#organization"},"potentialAction":[{"@type":"SearchAction","target":{"@type":"EntryPoint","urlTemplate":"https:\/\/villa-romansa.com\/?s={search_term_string}"},"query-input":{"@type":"PropertyValueSpecification","valueRequired":true,"valueName":"search_term_string"}}],"inLanguage":"de"},{"@type":"Organization","@id":"https:\/\/villa-romansa.com\/#organization","name":"Villa Romansa","url":"https:\/\/villa-romansa.com\/","logo":{"@type":"ImageObject","inLanguage":"de","@id":"https:\/\/villa-romansa.com\/#\/schema\/logo\/image\/","url":"https:\/\/villa-romansa.com\/wp-content\/uploads\/2021\/06\/logo-dark.png","contentUrl":"https:\/\/villa-romansa.com\/wp-content\/uploads\/2021\/06\/logo-dark.png","width":390,"height":241,"caption":"Villa Romansa"},"image":{"@id":"https:\/\/villa-romansa.com\/#\/schema\/logo\/image\/"}}]}},"_links":{"self":[{"href":"https:\/\/villa-romansa.com\/de\/wp-json\/wp\/v2\/pages\/3173","targetHints":{"allow":["GET"]}}],"collection":[{"href":"https:\/\/villa-romansa.com\/de\/wp-json\/wp\/v2\/pages"}],"about":[{"href":"https:\/\/villa-romansa.com\/de\/wp-json\/wp\/v2\/types\/page"}],"author":[{"embeddable":true,"href":"https:\/\/villa-romansa.com\/de\/wp-json\/wp\/v2\/users\/2"}],"replies":[{"embeddable":true,"href":"https:\/\/villa-romansa.com\/de\/wp-json\/wp\/v2\/comments?post=3173"}],"version-history":[{"count":0,"href":"https:\/\/villa-romansa.com\/de\/wp-json\/wp\/v2\/pages\/3173\/revisions"}],"wp:attachment":[{"href":"https:\/\/villa-romansa.com\/de\/wp-json\/wp\/v2\/media?parent=3173"}],"curies":[{"name":"wp","href":"https:\/\/api.w.org\/{rel}","templated":true}]}}