{"id":3097,"date":"2021-06-04T11:57:55","date_gmt":"2021-06-04T11:57:55","guid":{"rendered":"https:\/\/villa-romansa.com\/contact\/"},"modified":"2023-09-01T20:24:09","modified_gmt":"2023-09-01T20:24:09","slug":"contact","status":"publish","type":"page","link":"https:\/\/villa-romansa.com\/en\/contact\/","title":{"rendered":"Contact"},"content":{"rendered":"\t\t<div data-elementor-type=\"wp-page\" data-elementor-id=\"3097\" class=\"elementor elementor-3097 elementor-18\">\n\t\t\t\t\t\t<section class=\"elementor-section elementor-top-section elementor-element elementor-element-572f4a9 elementor-section-boxed elementor-section-height-default elementor-section-height-default\" data-id=\"572f4a9\" data-element_type=\"section\" data-e-type=\"section\" data-settings=\"{&quot;jet_parallax_layout_list&quot;:[{&quot;jet_parallax_layout_image&quot;:{&quot;url&quot;:&quot;&quot;,&quot;id&quot;:&quot;&quot;,&quot;size&quot;:&quot;&quot;},&quot;_id&quot;:&quot;d50fff0&quot;,&quot;jet_parallax_layout_image_tablet&quot;:{&quot;url&quot;:&quot;&quot;,&quot;id&quot;:&quot;&quot;,&quot;size&quot;:&quot;&quot;},&quot;jet_parallax_layout_image_mobile&quot;:{&quot;url&quot;:&quot;&quot;,&quot;id&quot;:&quot;&quot;,&quot;size&quot;:&quot;&quot;},&quot;jet_parallax_layout_speed&quot;:{&quot;unit&quot;:&quot;%&quot;,&quot;size&quot;:50,&quot;sizes&quot;:[]},&quot;jet_parallax_layout_type&quot;:&quot;scroll&quot;,&quot;jet_parallax_layout_direction&quot;:&quot;1&quot;,&quot;jet_parallax_layout_fx_direction&quot;:null,&quot;jet_parallax_layout_z_index&quot;:&quot;&quot;,&quot;jet_parallax_layout_bg_x&quot;:50,&quot;jet_parallax_layout_bg_x_tablet&quot;:&quot;&quot;,&quot;jet_parallax_layout_bg_x_mobile&quot;:&quot;&quot;,&quot;jet_parallax_layout_bg_y&quot;:50,&quot;jet_parallax_layout_bg_y_tablet&quot;:&quot;&quot;,&quot;jet_parallax_layout_bg_y_mobile&quot;:&quot;&quot;,&quot;jet_parallax_layout_bg_size&quot;:&quot;auto&quot;,&quot;jet_parallax_layout_bg_size_tablet&quot;:&quot;&quot;,&quot;jet_parallax_layout_bg_size_mobile&quot;:&quot;&quot;,&quot;jet_parallax_layout_animation_prop&quot;:&quot;transform&quot;,&quot;jet_parallax_layout_on&quot;:[&quot;desktop&quot;,&quot;tablet&quot;]}],&quot;background_background&quot;:&quot;classic&quot;}\">\n\t\t\t\t\t\t<div class=\"elementor-container elementor-column-gap-no\">\n\t\t\t\t\t<div class=\"elementor-column elementor-col-50 elementor-top-column elementor-element elementor-element-79c772d\" data-id=\"79c772d\" data-element_type=\"column\" data-e-type=\"column\">\n\t\t\t<div class=\"elementor-widget-wrap elementor-element-populated\">\n\t\t\t\t\t\t<div class=\"elementor-element elementor-element-72db2f0 elementor-widget elementor-widget-text-editor\" data-id=\"72db2f0\" data-element_type=\"widget\" data-e-type=\"widget\" data-widget_type=\"text-editor.default\">\n\t\t\t\t<div class=\"elementor-widget-container\">\n\t\t\t\t\t\t\t\t\t<p>Send us a message<\/p>\n\t\t\t\t\t\t\t\t<\/div>\n\t\t\t\t<\/div>\n\t\t\t\t<div class=\"elementor-element elementor-element-7ed3152 elementor-widget elementor-widget-heading\" data-id=\"7ed3152\" data-element_type=\"widget\" data-e-type=\"widget\" data-widget_type=\"heading.default\">\n\t\t\t\t<div class=\"elementor-widget-container\">\n\t\t\t\t\t<h1 class=\"elementor-heading-title elementor-size-default\">You have questions. <br>\nWe have the answers.<\/h1>\t\t\t\t<\/div>\n\t\t\t\t<\/div>\n\t\t\t\t<div class=\"elementor-element elementor-element-fa13701 elementor-widget elementor-widget-text-editor\" data-id=\"fa13701\" data-element_type=\"widget\" data-e-type=\"widget\" data-widget_type=\"text-editor.default\">\n\t\t\t\t<div class=\"elementor-widget-container\">\n\t\t\t\t\t\t\t\t\t<p>Tell us everything about your problem, we will be happy to help you.<br \/>Fill out the form or send us an e-mail if you prefer.<\/p>\n\t\t\t\t\t\t\t\t<\/div>\n\t\t\t\t<\/div>\n\t\t\t\t<div class=\"elementor-element elementor-element-810f3d8 elementor-widget elementor-widget-text-editor\" data-id=\"810f3d8\" data-element_type=\"widget\" data-e-type=\"widget\" data-widget_type=\"text-editor.default\">\n\t\t\t\t<div class=\"elementor-widget-container\">\n\t\t\t\t\t\t\t\t\t<p>Find us here:<\/p>\n\t\t\t\t\t\t\t\t<\/div>\n\t\t\t\t<\/div>\n\t\t\t\t<div class=\"elementor-element elementor-element-3944f93 elementor-widget elementor-widget-text-editor\" data-id=\"3944f93\" data-element_type=\"widget\" data-e-type=\"widget\" data-widget_type=\"text-editor.default\">\n\t\t\t\t<div class=\"elementor-widget-container\">\n\t\t\t\t\t\t\t\t\t<p>Vranjkovi\u0107i 2, 22324, \u0160iritovci, Croatia<\/p>\n\t\t\t\t\t\t\t\t<\/div>\n\t\t\t\t<\/div>\n\t\t\t\t<div class=\"elementor-element elementor-element-61a7dbd elementor-widget elementor-widget-text-editor\" data-id=\"61a7dbd\" data-element_type=\"widget\" data-e-type=\"widget\" data-widget_type=\"text-editor.default\">\n\t\t\t\t<div class=\"elementor-widget-container\">\n\t\t\t\t\t\t\t\t\t<p>Call us: <\/p>\n\t\t\t\t\t\t\t\t<\/div>\n\t\t\t\t<\/div>\n\t\t\t\t<div class=\"elementor-element elementor-element-4c92d29 elementor-widget elementor-widget-button\" data-id=\"4c92d29\" data-element_type=\"widget\" data-e-type=\"widget\" data-widget_type=\"button.default\">\n\t\t\t\t<div class=\"elementor-widget-container\">\n\t\t\t\t\t\t\t\t\t<div class=\"elementor-button-wrapper\">\n\t\t\t\t\t<a class=\"elementor-button elementor-button-link elementor-size-sm\" href=\"tel:0953418544\">\n\t\t\t\t\t\t<span class=\"elementor-button-content-wrapper\">\n\t\t\t\t\t\t<span class=\"elementor-button-icon\">\n\t\t\t\t<svg xmlns=\"http:\/\/www.w3.org\/2000\/svg\" width=\"24\" height=\"24\" viewBox=\"0 0 24 24\" fill=\"none\"><path d=\"M20.26 3.76642C22.7541 6.2605 22.7541 10.3186 20.26 12.8127L18.9353 11.4879C20.6988 9.72441 20.6989 6.85487 18.9353 5.09125C17.1717 3.32767 14.3021 3.32767 12.5386 5.0912L11.2138 3.76647C13.7079 1.27235 17.766 1.27239 20.26 3.76642Z\" fill=\"#7E9176\"><\/path><path d=\"M17.6214 6.38164C18.6713 7.4315 18.6713 9.13981 17.6215 10.1897L16.2967 8.86498C16.4514 8.71025 16.5366 8.50451 16.5366 8.2857C16.5366 8.06694 16.4514 7.8612 16.2966 7.70647C16.1419 7.55173 15.9362 7.46651 15.7174 7.46651C15.4986 7.46651 15.2928 7.55173 15.1381 7.70647L13.8134 6.38169C14.8633 5.33178 16.5716 5.33178 17.6214 6.38164Z\" fill=\"#7E9176\"><\/path><path d=\"M1.16848 3.13321L4.31257 0L10.8421 6.51866L8.31077 9.13287C8.73499 9.88592 9.65542 11.3285 11.2241 12.8972C12.7929 14.4661 14.2461 15.397 15.0063 15.828L17.5693 13.2977L23.9968 19.687L20.87 22.8347C19.6747 24.03 17.856 24.3398 16.3443 23.6056C14.0376 22.4852 10.5563 20.418 7.07069 16.9325C3.58512 13.447 1.51794 9.96561 0.397579 7.65885C0.132127 7.11224 0.00317383 6.52564 0.00317383 5.9428C0.00312696 4.91362 0.405361 3.89634 1.16848 3.13321ZM2.08278 6.84027C3.14037 9.0177 5.09402 12.3063 8.39542 15.6077C11.6968 18.9091 14.9854 20.8628 17.1628 21.9203C17.9566 22.3058 18.914 22.1409 19.5429 21.5121L21.3477 19.6953L17.5646 15.9348L15.3812 18.0904L14.797 17.8302C14.7021 17.788 12.4428 16.7656 9.89912 14.2219C7.35372 11.6765 6.35266 9.43634 6.31132 9.34222L6.05801 8.76589L8.21247 6.54088L4.31121 2.64604L2.49228 4.45869C1.86205 5.08982 1.69737 6.04677 2.08278 6.84027Z\" fill=\"#7E9176\"><\/path><\/svg>\t\t\t<\/span>\n\t\t\t\t\t\t\t\t\t<span class=\"elementor-button-text\">0953418544<\/span>\n\t\t\t\t\t<\/span>\n\t\t\t\t\t<\/a>\n\t\t\t\t<\/div>\n\t\t\t\t\t\t\t\t<\/div>\n\t\t\t\t<\/div>\n\t\t\t\t\t<\/div>\n\t\t<\/div>\n\t\t\t\t<div class=\"elementor-column elementor-col-50 elementor-top-column elementor-element elementor-element-86ec9d5\" data-id=\"86ec9d5\" data-element_type=\"column\" data-e-type=\"column\">\n\t\t\t<div class=\"elementor-widget-wrap elementor-element-populated\">\n\t\t\t\t\t\t<div class=\"elementor-element elementor-element-82ed90c elementor-widget elementor-widget-contact-form-7\" data-id=\"82ed90c\" data-element_type=\"widget\" data-e-type=\"widget\" data-widget_type=\"contact-form-7.default\">\n\t\t\t\t<div class=\"elementor-widget-container\">\n\t\t\t\t\t<div class=\"elementor-contact-form-7 jet-elements\">\n<div class=\"wpcf7 no-js\" id=\"wpcf7-f5-o1\" lang=\"en-US\" dir=\"ltr\" data-wpcf7-id=\"5\">\n<div class=\"screen-reader-response\"><p role=\"status\" aria-live=\"polite\" aria-atomic=\"true\"><\/p> <ul><\/ul><\/div>\n<form action=\"\/en\/wp-json\/wp\/v2\/pages\/3097#wpcf7-f5-o1\" method=\"post\" class=\"wpcf7-form init\" aria-label=\"Contact form\" novalidate=\"novalidate\" data-status=\"init\">\n<fieldset class=\"hidden-fields-container\"><input type=\"hidden\" name=\"_wpcf7\" value=\"5\" \/><input type=\"hidden\" name=\"_wpcf7_version\" value=\"6.1.5\" \/><input type=\"hidden\" name=\"_wpcf7_locale\" value=\"en_US\" \/><input type=\"hidden\" name=\"_wpcf7_unit_tag\" value=\"wpcf7-f5-o1\" \/><input type=\"hidden\" name=\"_wpcf7_container_post\" value=\"0\" \/><input type=\"hidden\" name=\"_wpcf7_posted_data_hash\" value=\"\" \/>\n<\/fieldset>\n<style>\n.wpcf7 form.invalid .wpcf7-response-output, .wpcf7 form.unaccepted .wpcf7-response-output {\n border: none;\n}\n.wpcf7-form-control .wpcf7-list-item {\n margin: 0;\n}\ntextarea {\n resize: none;\n}\n.contact-acceptance{\n margin-left:7px;\n}\n.contact-acceptance a{\n text-decoration: underline;\n}\n.wpcf7-form-control-wrap {\n display: block;\n}\n<\/style>\n<p><span><label>TVOJE IME<span class=\"wpcf7-form-control-wrap\" data-name=\"your-name\"><input size=\"40\" maxlength=\"400\" class=\"wpcf7-form-control wpcf7-text wpcf7-validates-as-required\" aria-required=\"true\" aria-invalid=\"false\" placeholder=\"Kako se zove\u0161?\" value=\"\" type=\"text\" name=\"your-name\" \/><\/span><\/label><\/span><br \/>\n<span><label>TVOJ EMAIL<span class=\"wpcf7-form-control-wrap\" data-name=\"your-email\"><input size=\"40\" maxlength=\"400\" class=\"wpcf7-form-control wpcf7-email wpcf7-validates-as-required wpcf7-text wpcf7-validates-as-email\" aria-required=\"true\" aria-invalid=\"false\" placeholder=\"Koja je tvoja e-mail adresa?\" value=\"\" type=\"email\" name=\"your-email\" \/><\/span><\/label><\/span><br \/>\n<span><label>TVOJA PORUKA<span class=\"wpcf7-form-control-wrap\" data-name=\"your-message\"><textarea cols=\"40\" rows=\"10\" maxlength=\"2000\" class=\"wpcf7-form-control wpcf7-textarea\" aria-invalid=\"false\" placeholder=\"Recite nam kako mo\u017eemo pomo\u0107i!\" name=\"your-message\"><\/textarea><\/span><\/label><\/span>\n<\/p>\n<div style=\"margin-top:-19px;\">\n\t<p><span class=\"wpcf7-form-control-wrap\" data-name=\"acceptance-293\"><span class=\"wpcf7-form-control wpcf7-acceptance\"><span class=\"wpcf7-list-item\"><label><input type=\"checkbox\" name=\"acceptance-293\" value=\"1\" aria-invalid=\"false\" \/><span class=\"wpcf7-list-item-label\"><span class=\"contact-acceptance\">Sla\u017eem se s <a href=\"\/politika-privatnosti\/\">Politikom privatnosti<\/a> <\/span><\/span><\/label><\/span><\/span><\/span>\n\t<\/p>\n<\/div>\n<p><input class=\"wpcf7-form-control wpcf7-submit has-spinner\" type=\"submit\" value=\"Po\u0161alji poruku \u2192\" \/>\n<\/p><div class=\"wpcf7-response-output\" aria-hidden=\"true\"><\/div>\n<\/form>\n<\/div>\n<\/div>\t\t\t\t<\/div>\n\t\t\t\t<\/div>\n\t\t\t\t\t<\/div>\n\t\t<\/div>\n\t\t\t\t\t<\/div>\n\t\t<\/section>\n\t\t\t\t<\/div>\n\t\t","protected":false},"excerpt":{"rendered":"<p>Send us a message You have questions. We have the answers. Tell us everything about your problem, we will be happy to help you.Fill out the form or send us an e-mail if you prefer. Find us here: Vranjkovi\u0107i 2, 22324, \u0160iritovci, Croatia Call us: 0953418544 TVOJE IME TVOJ EMAIL TVOJA PORUKA Sla\u017eem se s [&hellip;]<\/p>\n","protected":false},"author":2,"featured_media":0,"parent":0,"menu_order":0,"comment_status":"closed","ping_status":"closed","template":"elementor_header_footer","meta":{"om_disable_all_campaigns":false,"_monsterinsights_skip_tracking":false,"_monsterinsights_sitenote_active":false,"_monsterinsights_sitenote_note":"","_monsterinsights_sitenote_category":0,"_uf_show_specific_survey":0,"_uf_disable_surveys":false,"pgc_sgb_lightbox_settings":"","footnotes":""},"class_list":["post-3097","page","type-page","status-publish","hentry"],"aioseo_notices":[],"yoast_head":"<!-- This site is optimized with the Yoast SEO plugin v27.0 - https:\/\/yoast.com\/product\/yoast-seo-wordpress\/ -->\n<title>Contact - Villa Romansa<\/title>\n<meta name=\"robots\" content=\"index, follow, max-snippet:-1, max-image-preview:large, max-video-preview:-1\" \/>\n<link rel=\"canonical\" href=\"https:\/\/villa-romansa.com\/en\/contact\/\" \/>\n<meta property=\"og:locale\" content=\"en_US\" \/>\n<meta property=\"og:type\" content=\"article\" \/>\n<meta property=\"og:title\" content=\"Contact - Villa Romansa\" \/>\n<meta property=\"og:description\" content=\"Send us a message You have questions. We have the answers. Tell us everything about your problem, we will be happy to help you.Fill out the form or send us an e-mail if you prefer. Find us here: Vranjkovi\u0107i 2, 22324, \u0160iritovci, Croatia Call us: 0953418544 TVOJE IME TVOJ EMAIL TVOJA PORUKA Sla\u017eem se s [&hellip;]\" \/>\n<meta property=\"og:url\" content=\"https:\/\/villa-romansa.com\/en\/contact\/\" \/>\n<meta property=\"og:site_name\" content=\"Villa Romansa\" \/>\n<meta property=\"article:modified_time\" content=\"2023-09-01T20:24:09+00:00\" \/>\n<meta name=\"twitter:card\" content=\"summary_large_image\" \/>\n<script type=\"application\/ld+json\" class=\"yoast-schema-graph\">{\"@context\":\"https:\/\/schema.org\",\"@graph\":[{\"@type\":\"WebPage\",\"@id\":\"https:\/\/villa-romansa.com\/en\/contact\/\",\"url\":\"https:\/\/villa-romansa.com\/en\/contact\/\",\"name\":\"Contact - Villa Romansa\",\"isPartOf\":{\"@id\":\"https:\/\/villa-romansa.com\/#website\"},\"datePublished\":\"2021-06-04T11:57:55+00:00\",\"dateModified\":\"2023-09-01T20:24:09+00:00\",\"breadcrumb\":{\"@id\":\"https:\/\/villa-romansa.com\/en\/contact\/#breadcrumb\"},\"inLanguage\":\"en-US\",\"potentialAction\":[{\"@type\":\"ReadAction\",\"target\":[\"https:\/\/villa-romansa.com\/en\/contact\/\"]}]},{\"@type\":\"BreadcrumbList\",\"@id\":\"https:\/\/villa-romansa.com\/en\/contact\/#breadcrumb\",\"itemListElement\":[{\"@type\":\"ListItem\",\"position\":1,\"name\":\"Po\u010detna stranica\",\"item\":\"https:\/\/villa-romansa.com\/\"},{\"@type\":\"ListItem\",\"position\":2,\"name\":\"Contact\"}]},{\"@type\":\"WebSite\",\"@id\":\"https:\/\/villa-romansa.com\/#website\",\"url\":\"https:\/\/villa-romansa.com\/\",\"name\":\"Villa Romansa\",\"description\":\"Villa Romansa blizu \u0160ibenika\",\"publisher\":{\"@id\":\"https:\/\/villa-romansa.com\/#organization\"},\"potentialAction\":[{\"@type\":\"SearchAction\",\"target\":{\"@type\":\"EntryPoint\",\"urlTemplate\":\"https:\/\/villa-romansa.com\/?s={search_term_string}\"},\"query-input\":{\"@type\":\"PropertyValueSpecification\",\"valueRequired\":true,\"valueName\":\"search_term_string\"}}],\"inLanguage\":\"en-US\"},{\"@type\":\"Organization\",\"@id\":\"https:\/\/villa-romansa.com\/#organization\",\"name\":\"Villa Romansa\",\"url\":\"https:\/\/villa-romansa.com\/\",\"logo\":{\"@type\":\"ImageObject\",\"inLanguage\":\"en-US\",\"@id\":\"https:\/\/villa-romansa.com\/#\/schema\/logo\/image\/\",\"url\":\"https:\/\/villa-romansa.com\/wp-content\/uploads\/2021\/06\/logo-dark.png\",\"contentUrl\":\"https:\/\/villa-romansa.com\/wp-content\/uploads\/2021\/06\/logo-dark.png\",\"width\":390,\"height\":241,\"caption\":\"Villa Romansa\"},\"image\":{\"@id\":\"https:\/\/villa-romansa.com\/#\/schema\/logo\/image\/\"}}]}<\/script>\n<!-- \/ Yoast SEO plugin. -->","yoast_head_json":{"title":"Contact - Villa Romansa","robots":{"index":"index","follow":"follow","max-snippet":"max-snippet:-1","max-image-preview":"max-image-preview:large","max-video-preview":"max-video-preview:-1"},"canonical":"https:\/\/villa-romansa.com\/en\/contact\/","og_locale":"en_US","og_type":"article","og_title":"Contact - Villa Romansa","og_description":"Send us a message You have questions. We have the answers. Tell us everything about your problem, we will be happy to help you.Fill out the form or send us an e-mail if you prefer. Find us here: Vranjkovi\u0107i 2, 22324, \u0160iritovci, Croatia Call us: 0953418544 TVOJE IME TVOJ EMAIL TVOJA PORUKA Sla\u017eem se s [&hellip;]","og_url":"https:\/\/villa-romansa.com\/en\/contact\/","og_site_name":"Villa Romansa","article_modified_time":"2023-09-01T20:24:09+00:00","twitter_card":"summary_large_image","schema":{"@context":"https:\/\/schema.org","@graph":[{"@type":"WebPage","@id":"https:\/\/villa-romansa.com\/en\/contact\/","url":"https:\/\/villa-romansa.com\/en\/contact\/","name":"Contact - Villa Romansa","isPartOf":{"@id":"https:\/\/villa-romansa.com\/#website"},"datePublished":"2021-06-04T11:57:55+00:00","dateModified":"2023-09-01T20:24:09+00:00","breadcrumb":{"@id":"https:\/\/villa-romansa.com\/en\/contact\/#breadcrumb"},"inLanguage":"en-US","potentialAction":[{"@type":"ReadAction","target":["https:\/\/villa-romansa.com\/en\/contact\/"]}]},{"@type":"BreadcrumbList","@id":"https:\/\/villa-romansa.com\/en\/contact\/#breadcrumb","itemListElement":[{"@type":"ListItem","position":1,"name":"Po\u010detna stranica","item":"https:\/\/villa-romansa.com\/"},{"@type":"ListItem","position":2,"name":"Contact"}]},{"@type":"WebSite","@id":"https:\/\/villa-romansa.com\/#website","url":"https:\/\/villa-romansa.com\/","name":"Villa Romansa","description":"Villa Romansa blizu \u0160ibenika","publisher":{"@id":"https:\/\/villa-romansa.com\/#organization"},"potentialAction":[{"@type":"SearchAction","target":{"@type":"EntryPoint","urlTemplate":"https:\/\/villa-romansa.com\/?s={search_term_string}"},"query-input":{"@type":"PropertyValueSpecification","valueRequired":true,"valueName":"search_term_string"}}],"inLanguage":"en-US"},{"@type":"Organization","@id":"https:\/\/villa-romansa.com\/#organization","name":"Villa Romansa","url":"https:\/\/villa-romansa.com\/","logo":{"@type":"ImageObject","inLanguage":"en-US","@id":"https:\/\/villa-romansa.com\/#\/schema\/logo\/image\/","url":"https:\/\/villa-romansa.com\/wp-content\/uploads\/2021\/06\/logo-dark.png","contentUrl":"https:\/\/villa-romansa.com\/wp-content\/uploads\/2021\/06\/logo-dark.png","width":390,"height":241,"caption":"Villa Romansa"},"image":{"@id":"https:\/\/villa-romansa.com\/#\/schema\/logo\/image\/"}}]}},"_links":{"self":[{"href":"https:\/\/villa-romansa.com\/en\/wp-json\/wp\/v2\/pages\/3097","targetHints":{"allow":["GET"]}}],"collection":[{"href":"https:\/\/villa-romansa.com\/en\/wp-json\/wp\/v2\/pages"}],"about":[{"href":"https:\/\/villa-romansa.com\/en\/wp-json\/wp\/v2\/types\/page"}],"author":[{"embeddable":true,"href":"https:\/\/villa-romansa.com\/en\/wp-json\/wp\/v2\/users\/2"}],"replies":[{"embeddable":true,"href":"https:\/\/villa-romansa.com\/en\/wp-json\/wp\/v2\/comments?post=3097"}],"version-history":[{"count":0,"href":"https:\/\/villa-romansa.com\/en\/wp-json\/wp\/v2\/pages\/3097\/revisions"}],"wp:attachment":[{"href":"https:\/\/villa-romansa.com\/en\/wp-json\/wp\/v2\/media?parent=3097"}],"curies":[{"name":"wp","href":"https:\/\/api.w.org\/{rel}","templated":true}]}}